{"id":100013150,"date":"2024-02-28T11:37:33","date_gmt":"2024-02-28T10:37:33","guid":{"rendered":"https:\/\/www.atbas.de\/atbas-mwe-your-mobile-incoming-goods-department\/"},"modified":"2026-02-06T12:12:29","modified_gmt":"2026-02-06T11:12:29","slug":"atbas-mwe-your-mobile-incoming-goods-department","status":"publish","type":"page","link":"https:\/\/atbas.de\/en\/atbas-mwe-your-mobile-incoming-goods-department\/","title":{"rendered":"ATBAS MWE &#8211; Your mobile incoming goods department"},"content":{"rendered":"\n<a href=\"\/kontakt\/\" class=\"float-button\" title=\"Zum Kontaktformular\">\n<\/a>\n\n\n\n<h4 class=\"wp-block-heading has-text-align-center handwrite has-accent-color has-text-color has-link-color wp-elements-bffa1edf8a414369a8f73301a2828763\">Enables you to receive goods easily, quickly and flexibly on the move<\/h4>\n\n\n\n<div style=\"height:64px\" aria-hidden=\"true\" class=\"wp-block-spacer\"><\/div>\n\n\n\n<div id=\"videoframe\" style=\"padding: 56.25% 0 0 0; position: relative;\"><iframe style=\"position: absolute; top: 0; left: 0; width: 100%; height: 100%; border-radius: 12px;\" src=\"https:\/\/player.vimeo.com\/video\/778472722?h=f7e24632bd&amp;badge=0&amp;autopause=0&amp;player_id=0&amp;app_id=58479\" frameborder=\"0\" allowfullscreen=\"allowfullscreen\"><\/iframe><\/div>\n\n\n\n<div style=\"height:64px\" aria-hidden=\"true\" class=\"wp-block-spacer\"><\/div>\n\n\n\n<h2 class=\"wp-block-heading has-text-align-center\">With ATBAS MWE, goods receipt is quick and uncomplicated<\/h2>\n\n\n\n<p class=\"has-text-align-center\">With the ATBAS MWE mobile goods receipt system, you can process your goods receipt in one intuitive and simple step &#8211; no system breaks, no duplicate data maintenance. The MWE app itself is made available to ATBAS customers free of charge*. <\/p>\n\n\n\n<div style=\"height:64px\" aria-hidden=\"true\" class=\"wp-block-spacer\"><\/div>\n\n\n\n<div class=\"wp-block-columns is-layout-flex wp-container-core-columns-is-layout-9d6595d7 wp-block-columns-is-layout-flex\">\n<div class=\"wp-block-column atbcard_mini is-layout-flow wp-block-column-is-layout-flow\"><div class=\"wp-block-image is-style-default\">\n<figure class=\"aligncenter size-full is-resized\"><img decoding=\"async\" width=\"257\" height=\"257\" src=\"\/wp-content\/uploads\/2025\/04\/scan.png\" alt=\"\" class=\"wp-image-100009608\" style=\"width:auto;height:44px\" srcset=\"\/wp-content\/uploads\/2025\/04\/scan.png 257w, \/wp-content\/uploads\/2025\/04\/scan-150x150.png 150w\" sizes=\"(max-width: 257px) 100vw, 257px\" \/><\/figure>\n<\/div>\n\n\n<div style=\"height:20px\" aria-hidden=\"true\" class=\"wp-block-spacer\"><\/div>\n\n\n\n<h4 class=\"wp-block-heading has-text-align-center\"><strong><strong>Photo documentation for complaints<\/strong><\/strong><\/h4>\n\n\n\n<p>Thanks to comprehensive photo documentation, you can start your complaint from the app during goods receipt and place your new order in the same step.<\/p>\n<\/div>\n\n\n\n<div class=\"wp-block-column atbcard_mini is-layout-flow wp-block-column-is-layout-flow\"><div class=\"wp-block-image is-style-default\">\n<figure class=\"aligncenter size-full is-resized\"><img decoding=\"async\" width=\"328\" height=\"257\" src=\"\/wp-content\/uploads\/2025\/04\/flex.png\" alt=\"\" class=\"wp-image-100009606\" style=\"width:auto;height:44px\" srcset=\"\/wp-content\/uploads\/2025\/04\/flex.png 328w, \/wp-content\/uploads\/2025\/04\/flex-300x235.png 300w\" sizes=\"(max-width: 328px) 100vw, 328px\" \/><\/figure>\n<\/div>\n\n\n<div style=\"height:20px\" aria-hidden=\"true\" class=\"wp-block-spacer\"><\/div>\n\n\n\n<h4 class=\"wp-block-heading has-text-align-center\"><strong><strong>Flexible picking locations<\/strong><\/strong><\/h4>\n\n\n\n<p>Save valuable time with just a few clicks: simply change the picking location of your goods manually on screen in the MWE app or via a quick label scan.<\/p>\n<\/div>\n\n\n\n<div class=\"wp-block-column atbcard_mini is-layout-flow wp-block-column-is-layout-flow\"><div class=\"wp-block-image is-style-default\">\n<figure class=\"aligncenter size-full is-resized\"><img decoding=\"async\" width=\"159\" height=\"257\" src=\"\/wp-content\/uploads\/2025\/04\/app-device.png\" alt=\"\" class=\"wp-image-100009611\" style=\"width:auto;height:44px\"\/><\/figure>\n<\/div>\n\n\n<div style=\"height:20px\" aria-hidden=\"true\" class=\"wp-block-spacer\"><\/div>\n\n\n\n<h4 class=\"wp-block-heading has-text-align-center\"><strong><strong>License-free app included*<\/strong><\/strong><\/h4>\n\n\n\n<p>The new MWE app itself is made available to our customers free of license fees. The prerequisite is the use of the current ATBAS NET version and the corresponding hardware. <\/p>\n<\/div>\n<\/div>\n\n\n\n<div class=\"wp-block-columns is-layout-flex wp-container-core-columns-is-layout-9d6595d7 wp-block-columns-is-layout-flex\">\n<div class=\"wp-block-column atbcard_mini is-layout-flow wp-block-column-is-layout-flow\"><div class=\"wp-block-image is-style-default\">\n<figure class=\"aligncenter size-full is-resized\"><img decoding=\"async\" width=\"211\" height=\"257\" src=\"\/wp-content\/uploads\/2025\/04\/touch.png\" alt=\"\" class=\"wp-image-100009609\" style=\"width:auto;height:44px\"\/><\/figure>\n<\/div>\n\n\n<div style=\"height:20px\" aria-hidden=\"true\" class=\"wp-block-spacer\"><\/div>\n\n\n\n<h4 class=\"wp-block-heading has-text-align-center\"><strong><strong>Modern &amp; easy to use app<\/strong><\/strong><\/h4>\n\n\n\n<p>The MWE app is characterized by its intuitive and fast usability and quick barcode capture. Each user receives their own access via personalized logins. <\/p>\n<\/div>\n\n\n\n<div class=\"wp-block-column atbcard_mini is-layout-flow wp-block-column-is-layout-flow\"><div class=\"wp-block-image is-style-default\">\n<figure class=\"aligncenter size-full is-resized\"><img decoding=\"async\" width=\"293\" height=\"257\" src=\"\/wp-content\/uploads\/2025\/04\/uncloud.png\" alt=\"\" class=\"wp-image-100009610\" style=\"width:auto;height:44px\"\/><\/figure>\n<\/div>\n\n\n<div style=\"height:20px\" aria-hidden=\"true\" class=\"wp-block-spacer\"><\/div>\n\n\n\n<h4 class=\"wp-block-heading has-text-align-center\"><strong><strong>Independent of WLAN<\/strong><\/strong><\/h4>\n\n\n\n<p>The device&#8217;s internal memory saves all changes. The information is transferred to the system with the next WLAN connection. So none of your valuable work is lost.  <\/p>\n<\/div>\n\n\n\n<div class=\"wp-block-column atbcard_mini is-layout-flow wp-block-column-is-layout-flow\"><div class=\"wp-block-image is-style-default\">\n<figure class=\"aligncenter size-full is-resized\"><img decoding=\"async\" width=\"230\" height=\"257\" src=\"\/wp-content\/uploads\/2025\/04\/parallel.png\" alt=\"\" class=\"wp-image-100009607\" style=\"width:auto;height:44px\"\/><\/figure>\n<\/div>\n\n\n<div style=\"height:20px\" aria-hidden=\"true\" class=\"wp-block-spacer\"><\/div>\n\n\n\n<h4 class=\"wp-block-heading has-text-align-center\"><strong><strong>Parallel processing possible<\/strong><\/strong><\/h4>\n\n\n\n<p>Simply use several scanners at the same time to process large quantities and scan the goods in parallel. You can also collect items from external goods management without any problems. <\/p>\n<\/div>\n<\/div>\n\n\n\n<p class=\"has-text-align-center smallprint\">*Prerequisite is the use of the current ATBAS NET version and associated hardware (plus set-up fee).<br>*Required hardware: robust mobile device, compatible label printer<\/p>\n\n\n\n<div style=\"height:100px\" aria-hidden=\"true\" class=\"wp-block-spacer\"><\/div>\n\n\n\n<div class=\"wp-block-group atbanner is-layout-grid wp-container-core-group-is-layout-e7c6ae50 wp-block-group-is-layout-grid\">\n<div class=\"wp-block-group\"><div class=\"wp-block-group__inner-container is-layout-constrained wp-block-group-is-layout-constrained\">\n<h2 class=\"wp-block-heading\"><strong>Technical details of the hardware<\/strong><\/h2>\n\n\n\n<p><strong>\u2713<\/strong> 4.7&#8243; display: legible even in unfavorable lighting conditions<\/p>\n\n\n\n<p><strong>\u2713<\/strong> Extremely robust: water and dust-repellent in accordance with IP65 and IP67<\/p>\n\n\n\n<p><strong>\u2713<\/strong> Replaceable lithium-ion battery<\/p>\n\n\n\n<p><strong>\u2713<\/strong> Supports WLAN, Bluetooth and LTE 4G<\/p>\n\n\n\n<p><strong>\u2713<\/strong> Intuitive software and flexible data entry options<\/p>\n\n\n\n<p><strong>\u2713<\/strong> Scanner supports all common 2D barcodes<\/p>\n\n\n\n<p>The multifunctional terminal is suitable for all current ATBAS applications, such as incoming goods, outgoing goods and wheel storage.<\/p>\n<\/div><\/div>\n\n\n\n<div class=\"wp-block-cover is-light\"><img decoding=\"async\" width=\"1478\" height=\"1504\" class=\"wp-block-cover__image-background wp-image-2026 size-full\" alt=\"\" src=\"\/wp-content\/uploads\/2025\/02\/atb_hero1_rs36_mwe.jpg\" data-object-fit=\"cover\" srcset=\"\/wp-content\/uploads\/2025\/02\/atb_hero1_rs36_mwe.jpg 1478w, \/wp-content\/uploads\/2025\/02\/atb_hero1_rs36_mwe-295x300.jpg 295w, \/wp-content\/uploads\/2025\/02\/atb_hero1_rs36_mwe-1006x1024.jpg 1006w, \/wp-content\/uploads\/2025\/02\/atb_hero1_rs36_mwe-768x782.jpg 768w\" sizes=\"(max-width: 1478px) 100vw, 1478px\" \/><span aria-hidden=\"true\" class=\"wp-block-cover__background has-background-dim-0 has-background-dim\"><\/span><div class=\"wp-block-cover__inner-container is-layout-flow wp-block-cover-is-layout-flow\">\n<p class=\"has-text-align-center has-large-font-size\"><\/p>\n<\/div><\/div>\n<\/div>\n\n\n\n<div style=\"height:64px\" aria-hidden=\"true\" class=\"wp-block-spacer\"><\/div>\n\n\n\n<div class=\"wp-block-group atbanner is-layout-grid wp-container-core-group-is-layout-e7c6ae50 wp-block-group-is-layout-grid\">\n<div class=\"wp-block-group\"><div class=\"wp-block-group__inner-container is-layout-constrained wp-block-group-is-layout-constrained\">\n<h2 class=\"wp-block-heading\"><strong>All processes in your hands<\/strong><\/h2>\n\n\n\n<p><strong>\u2713<\/strong> One device for all mobile data capture<br><br><strong>\u2713<\/strong> Developed for smarter and more efficient processes<br><br><strong>\u2713<\/strong> User-friendly app thanks to ergonomic design<\/p>\n\n\n\n<p><strong>\u2713<\/strong> A future-proof device, thanks to continuous updates<\/p>\n\n\n\n<p><strong>\u2713<\/strong> Seamless collaboration with ATBAS MDE<\/p>\n<\/div><\/div>\n\n\n\n<div class=\"wp-block-cover is-light\"><img decoding=\"async\" width=\"854\" height=\"1200\" class=\"wp-block-cover__image-background wp-image-100010623 size-full\" alt=\"\" src=\"\/wp-content\/uploads\/2025\/05\/atb_2_rs36_mwe.png\" data-object-fit=\"cover\" srcset=\"\/wp-content\/uploads\/2025\/05\/atb_2_rs36_mwe.png 854w, \/wp-content\/uploads\/2025\/05\/atb_2_rs36_mwe-214x300.png 214w, \/wp-content\/uploads\/2025\/05\/atb_2_rs36_mwe-729x1024.png 729w, \/wp-content\/uploads\/2025\/05\/atb_2_rs36_mwe-768x1079.png 768w\" sizes=\"(max-width: 854px) 100vw, 854px\" \/><span aria-hidden=\"true\" class=\"wp-block-cover__background has-background-dim-0 has-background-dim\"><\/span><div class=\"wp-block-cover__inner-container is-layout-flow wp-block-cover-is-layout-flow\">\n<p class=\"has-text-align-center has-large-font-size\"><\/p>\n<\/div><\/div>\n<\/div>\n\n\n\n<div style=\"height:64px\" aria-hidden=\"true\" class=\"wp-block-spacer\"><\/div>\n\n\n\n<div class=\"wp-block-group alignwide atbcard demo_mwe\"><div class=\"wp-block-group__inner-container is-layout-constrained wp-block-group-is-layout-constrained\">\n<h2 class=\"wp-block-heading\">ATBAS MWE vorab ausprobieren?<\/h2>\n\n\n\n<div class=\"wp-block-columns is-layout-flex wp-container-core-columns-is-layout-9d6595d7 wp-block-columns-is-layout-flex\">\n<div class=\"wp-block-column is-layout-flow wp-block-column-is-layout-flow\" style=\"flex-basis:70%\">\n<p><strong><strong><strong>Testen Sie jetzt unverbindlich die Online-Demo zum mobilen Wareneingang und erleben die M\u00f6glichkeiten.<\/strong><\/strong><\/strong><\/p>\n<\/div>\n\n\n\n<div class=\"wp-block-column is-layout-flow wp-block-column-is-layout-flow\"><\/div>\n<\/div>\n\n\n\n<div class=\"wp-block-columns is-layout-flex wp-container-core-columns-is-layout-9d6595d7 wp-block-columns-is-layout-flex\">\n<div class=\"wp-block-column is-vertically-aligned-center is-layout-flow wp-block-column-is-layout-flow\" style=\"flex-basis:25%\">\n<div class=\"wp-block-buttons is-horizontal is-layout-flex wp-block-buttons-is-layout-flex\">\n<div class=\"wp-block-button\"><a class=\"wp-block-button__link has-text-color has-background has-link-color wp-element-button\" href=\"\/demo-atbas-mwe\/\" style=\"border-radius:6px;color:#ffe200;background-color:#222222\" rel=\"nofollow\"><strong>Jetzt online testen<\/strong><\/a><\/div>\n<\/div>\n<\/div>\n\n\n\n<div class=\"wp-block-column is-vertically-aligned-center is-layout-flow wp-block-column-is-layout-flow\" style=\"flex-basis:25%\"><\/div>\n\n\n\n<div class=\"wp-block-column is-vertically-aligned-center is-layout-flow wp-block-column-is-layout-flow\" style=\"flex-basis:50%\"><\/div>\n<\/div>\n<\/div><\/div>\n\n\n\n<div style=\"height:64px\" aria-hidden=\"true\" class=\"wp-block-spacer\"><\/div>\n\n\n\n<div class=\"wp-block-group atbanner is-layout-grid wp-container-core-group-is-layout-e7c6ae50 wp-block-group-is-layout-grid\">\n<div class=\"wp-block-group\"><div class=\"wp-block-group__inner-container is-layout-constrained wp-block-group-is-layout-constrained\">\n<h2 class=\"wp-block-heading\"><strong>Works seamlessly with ATBAS MDE<\/strong><\/h2>\n\n\n\n<p><a href=\"https:\/\/atbas.de\/en\/atbas-mde-mobile-data-acquisition\/\">ATBAS MDE<\/a> for your mobile wheel data collection is the perfect complement to mobile goods receipt. Thanks to the seamless collaboration between the two products, you have all digital processes in just one device and therefore in the palm of your hand. <\/p>\n\n\n\n<div class=\"wp-block-buttons is-layout-flex wp-block-buttons-is-layout-flex\">\n<div class=\"wp-block-button\"><a class=\"wp-block-button__link has-contrast-background-color has-background wp-element-button\" href=\"https:\/\/atbas.de\/en\/atbas-mde-mobile-data-acquisition\/\" style=\"border-radius:6px\"><strong>Learn more about ATBAS MDE<\/strong><\/a><\/div>\n<\/div>\n<\/div><\/div>\n\n\n\n<div class=\"wp-block-cover is-light\"><img decoding=\"async\" width=\"1000\" height=\"920\" class=\"wp-block-cover__image-background wp-image-100014199 size-full\" alt=\"\" src=\"\/wp-content\/uploads\/2025\/10\/atbas_mde_mwe_sync-2.png\" data-object-fit=\"cover\" srcset=\"\/wp-content\/uploads\/2025\/10\/atbas_mde_mwe_sync-2.png 1000w, \/wp-content\/uploads\/2025\/10\/atbas_mde_mwe_sync-2-300x276.png 300w, \/wp-content\/uploads\/2025\/10\/atbas_mde_mwe_sync-2-768x707.png 768w\" sizes=\"(max-width: 1000px) 100vw, 1000px\" \/><span aria-hidden=\"true\" class=\"wp-block-cover__background has-background-dim-0 has-background-dim\"><\/span><div class=\"wp-block-cover__inner-container is-layout-flow wp-block-cover-is-layout-flow\">\n<p class=\"has-text-align-center has-large-font-size\"><\/p>\n<\/div><\/div>\n<\/div>\n\n\n\n<div style=\"height:64px\" aria-hidden=\"true\" class=\"wp-block-spacer\"><\/div>\n\n\n\n<div class=\"wp-block-group atbcard c2a rainbow wide\"><div class=\"wp-block-group__inner-container is-layout-constrained wp-block-group-is-layout-constrained\">\n<h2 class=\"wp-block-heading has-base-3-color has-text-color has-link-color has-x-large-font-size wp-elements-880830a730e0f98fbd1e386064b23e61\"><img decoding=\"async\" width=\"36\" height=\"37\" class=\"wp-image-100008868\" style=\"width: 36px;\" src=\"\/wp-content\/uploads\/2025\/03\/icon_tel.png\" alt=\"\" srcset=\"\/wp-content\/uploads\/2025\/03\/icon_tel.png 432w, \/wp-content\/uploads\/2025\/03\/icon_tel-289x300.png 289w, \/wp-content\/uploads\/2025\/03\/icon_tel-150x150.png 150w\" sizes=\"(max-width: 36px) 100vw, 36px\" \/>   Haben wir Ihr Interesse geweckt?<\/h2>\n\n\n\n<p><strong>Konnten wir Sie schon \u00fcberzeugen oder haben Sie noch Fragen? Vereinbaren Sie einfach ein Beratungsgespr\u00e4ch oder R\u00fcckruf &#8211; kostenfrei nat\u00fcrlich.<\/strong><\/p>\n\n\n\n<div class=\"wp-block-contact-form-7-contact-form-selector\">\n<div class=\"wpcf7 no-js\" id=\"wpcf7-f100008847-o1\" lang=\"de-DE\" dir=\"ltr\" data-wpcf7-id=\"100008847\">\n<div class=\"screen-reader-response\"><p role=\"status\" aria-live=\"polite\" aria-atomic=\"true\"><\/p> <ul><\/ul><\/div>\n<form action=\"\/en\/wp-json\/wp\/v2\/pages\/100013150#wpcf7-f100008847-o1\" method=\"post\" class=\"wpcf7-form init wpcf7-acceptance-as-validation\" aria-label=\"Kontaktformular\" novalidate=\"novalidate\" data-status=\"init\">\n<fieldset class=\"hidden-fields-container\"><input type=\"hidden\" name=\"_wpcf7\" value=\"100008847\" \/><input type=\"hidden\" name=\"_wpcf7_version\" value=\"6.1.5\" \/><input type=\"hidden\" name=\"_wpcf7_locale\" value=\"de_DE\" \/><input type=\"hidden\" name=\"_wpcf7_unit_tag\" value=\"wpcf7-f100008847-o1\" \/><input type=\"hidden\" name=\"_wpcf7_container_post\" value=\"0\" \/><input type=\"hidden\" name=\"_wpcf7_posted_data_hash\" value=\"\" \/><input type=\"hidden\" name=\"_wpcf7cf_hidden_group_fields\" value=\"[]\" \/><input type=\"hidden\" name=\"_wpcf7cf_hidden_groups\" value=\"[]\" \/><input type=\"hidden\" name=\"_wpcf7cf_visible_groups\" value=\"[]\" \/><input type=\"hidden\" name=\"_wpcf7cf_repeaters\" value=\"[]\" \/><input type=\"hidden\" name=\"_wpcf7cf_steps\" value=\"{}\" \/><input type=\"hidden\" name=\"_wpcf7cf_options\" value=\"{&quot;form_id&quot;:100008847,&quot;conditions&quot;:[{&quot;then_field&quot;:&quot;group-tel&quot;,&quot;and_rules&quot;:[{&quot;if_field&quot;:&quot;toggle-1&quot;,&quot;operator&quot;:&quot;equals&quot;,&quot;if_value&quot;:&quot;R\\u00fcckruf anzeigen&quot;}]},{&quot;then_field&quot;:&quot;group-mast&quot;,&quot;and_rules&quot;:[{&quot;if_field&quot;:&quot;toggle-1&quot;,&quot;operator&quot;:&quot;equals&quot;,&quot;if_value&quot;:&quot;R\\u00fcckruf erhalten&quot;}]}],&quot;settings&quot;:{&quot;animation&quot;:&quot;yes&quot;,&quot;animation_intime&quot;:&quot;200&quot;,&quot;animation_outtime&quot;:&quot;200&quot;,&quot;conditions_ui&quot;:&quot;normal&quot;,&quot;notice_dismissed&quot;:&quot;true&quot;,&quot;repeater_remove_button&quot;:&quot;bottom&quot;,&quot;regex_numeric&quot;:&quot;^[0-9]+$&quot;,&quot;regex_alphabetic&quot;:&quot;^[a-zA-Z]+$&quot;,&quot;regex_alphanumeric&quot;:&quot;^[a-zA-Z0-9]+$&quot;,&quot;regex_date&quot;:&quot;^(0?[1-9]|1[012])[- .](0?[1-9]|[12][0-9]|3[01])[- \\\/.](19|20)?[0-9]{2}$&quot;,&quot;regex_email&quot;:&quot;^[a-zA-Z0-9._%-]+@[a-zA-Z0-9.-]+.[a-zA-Z]{2,4}$&quot;,&quot;regex_numeric_label&quot;:&quot;numeric&quot;,&quot;regex_alphabetic_label&quot;:&quot;alphabetic&quot;,&quot;regex_alphanumeric_label&quot;:&quot;alphanumeric&quot;,&quot;regex_date_label&quot;:&quot;date&quot;,&quot;regex_email_label&quot;:&quot;email&quot;,&quot;regex_custom_1&quot;:&quot;&quot;,&quot;regex_custom_2&quot;:&quot;&quot;,&quot;regex_custom_3&quot;:&quot;&quot;,&quot;regex_custom_4&quot;:&quot;&quot;,&quot;regex_custom_5&quot;:&quot;&quot;,&quot;regex_custom_1_label&quot;:&quot;custom 1&quot;,&quot;regex_custom_2_label&quot;:&quot;custom 2&quot;,&quot;regex_custom_3_label&quot;:&quot;custom 3&quot;,&quot;regex_custom_4_label&quot;:&quot;custom 4&quot;,&quot;regex_custom_5_label&quot;:&quot;custom 5&quot;,&quot;notice_dismissed_rollback-cf7-6.1.1&quot;:true,&quot;notice_dismissed_rollback-cf7-6.1.3&quot;:true,&quot;notice_dismissed_rollback-cf7-6.1.4&quot;:true}}\" \/>\n<\/fieldset>\n<div data-id=\"group-mast\" data-orig_data_id=\"group-mast\" data-disable_on_hide class=\"\" data-class=\"wpcf7cf_group\">\n\t<p><a class=\"callback_button\" href=\"\/beratung\/?mtm_campaign=lead_contact&mtm_source=website&mtm_content=bottom_primary_consulting\"><strong>Beratungstermin vereinbaren<\/strong><\/a>&nbsp;&nbsp;&nbsp;oder&nbsp;&nbsp;&nbsp;<button class=\"wpcf7-form-control wpcf7-togglebutton wpcf7cf-togglebutton\" type=\"button\" name=\"toggle-1\" data-val-1=\"R\u00fcckruf erhalten\" data-val-2=\"R\u00fcckruf anzeigen\" value=\"R\u00fcckruf erhalten\">R\u00fcckruf erhalten<\/button>\n\t<\/p>\n<\/div>\n<div data-id=\"group-tel\" data-orig_data_id=\"group-tel\" data-clear_on_hide data-disable_on_hide class=\"\" data-class=\"wpcf7cf_group\">\n\t<div class=\"flex-callback\">\n\t\t<div class=\"flex-item\">\n\t\t\t<p><label> <strong>Ihr Name<\/strong> <span class=\"wpcf7-form-control-wrap\" data-name=\"your-name\"><input size=\"40\" maxlength=\"400\" class=\"wpcf7-form-control wpcf7-text wpcf7-validates-as-required\" aria-required=\"true\" aria-invalid=\"false\" value=\"\" type=\"text\" name=\"your-name\" \/><\/span> <\/label>\n\t\t\t<\/p>\n\t\t<\/div>\n\t\t<div class=\"flex-item\">\n\t\t\t<p><label> <strong>Ihre Telefonnummer<\/strong> <span class=\"wpcf7-form-control-wrap\" data-name=\"your-tel\"><input size=\"40\" maxlength=\"400\" class=\"wpcf7-form-control wpcf7-text wpcf7-validates-as-required\" aria-required=\"true\" aria-invalid=\"false\" value=\"\" type=\"text\" name=\"your-tel\" \/><\/span> <\/label>\n\t\t\t<\/p>\n\t\t<\/div>\n\t\t<p><span id=\"wpcf7-69fddb8d25581-wrapper\" class=\"wpcf7-form-control-wrap hp-field-297-wrap\" style=\"display:none !important; visibility:hidden !important;\"><input type=\"hidden\" name=\"hp-field-297-time-start\" value=\"1778244493\"><input type=\"hidden\" name=\"hp-field-297-time-check\" value=\"4\"><label for=\"wpcf7-69fddb8d25581-field\" class=\"hp-message\">Bitte lasse dieses Feld leer.<\/label><input id=\"wpcf7-69fddb8d25581-field\"  class=\"wpcf7-form-control wpcf7-text\" type=\"text\" name=\"hp-field-297\" value=\"\" size=\"40\" tabindex=\"-1\" autocomplete=\"off\" \/><\/span>\n\t\t<\/p>\n\t\t<div class=\"flex-item\">\n\t\t\t<p><input class=\"wpcf7-form-control wpcf7-submit has-spinner\" type=\"submit\" value=\"R\u00fcckruf anfordern\" \/>\n\t\t\t<\/p>\n\t\t<\/div>\n\t<\/div>\n\t<div>\n\t\t<p><span class=\"wpcf7-form-control-wrap\" data-name=\"acceptance-731\"><span class=\"wpcf7-form-control wpcf7-acceptance\"><span class=\"wpcf7-list-item\"><label><input type=\"checkbox\" name=\"acceptance-731\" value=\"1\" aria-invalid=\"false\" \/><span class=\"wpcf7-list-item-label\">Ich stimme den <a href=\"\/datenschutz\/\" target=\"_blank\" style=\"color: #fff; text-decoration: underline;\">Datenschutzbedingungen<\/a> zu<\/span><\/label><\/span><\/span><\/span>\n\t\t<\/p>\n\t<\/div>\n<\/div><div class=\"wpcf7-response-output\" aria-hidden=\"true\"><\/div>\n<\/form>\n<\/div>\n<\/div>\n\n\n\n<div style=\"height:10px\" aria-hidden=\"true\" class=\"wp-block-spacer\"><\/div>\n<\/div><\/div>\n\n\n\n<div style=\"height:64px\" aria-hidden=\"true\" class=\"wp-block-spacer\"><\/div>\n\n\n\n<div class=\"wp-block-group atbcard-highlight blue\"><div class=\"wp-block-group__inner-container is-layout-constrained wp-block-group-is-layout-constrained\">\n<div class=\"wp-block-columns is-layout-flex wp-container-core-columns-is-layout-9d6595d7 wp-block-columns-is-layout-flex\">\n<div class=\"wp-block-column is-vertically-aligned-center is-layout-flow wp-block-column-is-layout-flow\" style=\"flex-basis:25%\">\n<figure class=\"wp-block-image size-full\"><a href=\"\/wp-content\/uploads\/2025\/02\/flyer_atbas_mwe.pdf\" target=\"_blank\" rel=\"  noreferrer noopener\"><img decoding=\"async\" width=\"768\" height=\"768\" src=\"\/wp-content\/uploads\/2025\/02\/flyer_mwe_vorschau.png\" alt=\"\" class=\"wp-image-1909\" srcset=\"\/wp-content\/uploads\/2025\/02\/flyer_mwe_vorschau.png 768w, \/wp-content\/uploads\/2025\/02\/flyer_mwe_vorschau-300x300.png 300w, \/wp-content\/uploads\/2025\/02\/flyer_mwe_vorschau-150x150.png 150w\" sizes=\"(max-width: 768px) 100vw, 768px\" \/><\/a><\/figure>\n<\/div>\n\n\n\n<div class=\"wp-block-column is-vertically-aligned-center is-layout-flow wp-block-column-is-layout-flow\" style=\"flex-basis:75%\">\n<h2 class=\"wp-block-heading\">All information in the flyer<\/h2>\n\n\n\n<p>Read all about ATBAS MWE in the PDF flyer for downloading &amp; printing.<\/p>\n\n\n\n<div class=\"wp-block-buttons is-content-justification-left is-layout-flex wp-container-core-buttons-is-layout-cf25e3cc wp-block-buttons-is-layout-flex\">\n<div class=\"wp-block-button\"><a class=\"wp-block-button__link has-text-align-center wp-element-button\" href=\"\/wp-content\/uploads\/2025\/02\/flyer_atbas_mwe.pdf\" style=\"border-radius:6px\" target=\"_blank\" rel=\"noreferrer noopener\"><strong>Download &amp; view flyer<\/strong><\/a><\/div>\n<\/div>\n<\/div>\n<\/div>\n<\/div><\/div>\n\n\n\n<p><\/p>\n","protected":false},"excerpt":{"rendered":"<p>Enables you to receive goods easily, quickly and flexibly on the move With ATBAS MWE, goods receipt is quick and uncomplicated With the ATBAS MWE mobile goods receipt system, you can process your goods receipt in one intuitive and simple step &#8211; no system breaks, no duplicate data maintenance. The MWE app itself is made &#8230; <a title=\"ATBAS MWE &#8211; Your mobile incoming goods department\" class=\"read-more\" href=\"https:\/\/atbas.de\/en\/atbas-mwe-your-mobile-incoming-goods-department\/\" aria-label=\"Read more about ATBAS MWE &#8211; Your mobile incoming goods department\">Read more<\/a><\/p>\n","protected":false},"author":2,"featured_media":0,"parent":0,"menu_order":0,"comment_status":"closed","ping_status":"closed","template":"","meta":{"footnotes":""},"class_list":["post-100013150","page","type-page","status-publish"],"_links":{"self":[{"href":"https:\/\/atbas.de\/en\/wp-json\/wp\/v2\/pages\/100013150","targetHints":{"allow":["GET"]}}],"collection":[{"href":"https:\/\/atbas.de\/en\/wp-json\/wp\/v2\/pages"}],"about":[{"href":"https:\/\/atbas.de\/en\/wp-json\/wp\/v2\/types\/page"}],"author":[{"embeddable":true,"href":"https:\/\/atbas.de\/en\/wp-json\/wp\/v2\/users\/2"}],"replies":[{"embeddable":true,"href":"https:\/\/atbas.de\/en\/wp-json\/wp\/v2\/comments?post=100013150"}],"version-history":[{"count":5,"href":"https:\/\/atbas.de\/en\/wp-json\/wp\/v2\/pages\/100013150\/revisions"}],"predecessor-version":[{"id":100017121,"href":"https:\/\/atbas.de\/en\/wp-json\/wp\/v2\/pages\/100013150\/revisions\/100017121"}],"wp:attachment":[{"href":"https:\/\/atbas.de\/en\/wp-json\/wp\/v2\/media?parent=100013150"}],"curies":[{"name":"wp","href":"https:\/\/api.w.org\/{rel}","templated":true}]}}