{"id":100013155,"date":"2024-02-28T11:37:09","date_gmt":"2024-02-28T10:37:09","guid":{"rendered":"https:\/\/www.atbas.de\/atbas-mde-mobile-data-acquisition\/"},"modified":"2026-02-05T15:28:54","modified_gmt":"2026-02-05T14:28:54","slug":"atbas-mde-mobile-data-acquisition","status":"publish","type":"page","link":"https:\/\/atbas.de\/en\/atbas-mde-mobile-data-acquisition\/","title":{"rendered":"ATBAS MDE &#8211; Mobile data acquisition"},"content":{"rendered":"\n<a href=\"\/kontakt\/\" class=\"float-button\" title=\"Zum Kontaktformular\">\n<\/a>\n\n\n\n<h4 class=\"wp-block-heading has-text-align-center handwrite has-accent-color has-text-color has-link-color wp-elements-e58ca28e03775d207782ba1163640462\">Enables you to flexibly record data directly on the vehicle<\/h4>\n\n\n\n<div style=\"height:120px\" aria-hidden=\"true\" class=\"wp-block-spacer\"><\/div>\n\n\n\n<h2 class=\"wp-block-heading has-text-align-center\">ATBAS DEPOT MDE enables mobile data collection on the vehicle without a PC and permanent WLAN<\/h2>\n\n\n\n<p class=\"has-text-align-center\">Your data is automatically synchronized with the next existing network connection and transferred to your system. In addition, you can attach photos to the respective customer or vehicle master data without media discontinuity. Recorded data can be viewed immediately from any workstation in the company.  <\/p>\n\n\n\n<div style=\"height:100px\" aria-hidden=\"true\" class=\"wp-block-spacer\"><\/div>\n\n\n\n<div class=\"wp-block-group atbanner is-layout-grid wp-container-core-group-is-layout-e7c6ae50 wp-block-group-is-layout-grid\">\n<div class=\"wp-block-group\"><div class=\"wp-block-group__inner-container is-layout-constrained wp-block-group-is-layout-constrained\">\n<h2 class=\"wp-block-heading\"><strong>Your benefits with ATBAS MDE<\/strong><\/h2>\n\n\n\n<p><strong>\u2713<\/strong> Time saving for up to 4 more wheel changes per fitter per day<\/p>\n\n\n\n<p><strong>\u2713<\/strong> Customer satisfaction through direct information to your customers about wheel sets, damage to tires or rims from any workstation<\/p>\n\n\n\n<p><strong>\u2713<\/strong> Wheel inventory at top speed without unnecessary searching<\/p>\n<\/div><\/div>\n\n\n\n<div class=\"wp-block-cover is-light\"><img decoding=\"async\" width=\"1006\" height=\"1024\" class=\"wp-block-cover__image-background wp-image-2073 size-large\" alt=\"\" src=\"\/wp-content\/uploads\/2025\/02\/atb_hero1_mde-1006x1024.jpg\" data-object-fit=\"cover\" srcset=\"\/wp-content\/uploads\/2025\/02\/atb_hero1_mde-1006x1024.jpg 1006w, \/wp-content\/uploads\/2025\/02\/atb_hero1_mde-295x300.jpg 295w, \/wp-content\/uploads\/2025\/02\/atb_hero1_mde-768x782.jpg 768w, \/wp-content\/uploads\/2025\/02\/atb_hero1_mde.jpg 1478w\" sizes=\"(max-width: 1006px) 100vw, 1006px\" \/><span aria-hidden=\"true\" class=\"wp-block-cover__background has-background-dim-0 has-background-dim\"><\/span><div class=\"wp-block-cover__inner-container is-layout-flow wp-block-cover-is-layout-flow\">\n<p class=\"has-text-align-center has-large-font-size\"><\/p>\n<\/div><\/div>\n<\/div>\n\n\n\n<div style=\"height:64px\" aria-hidden=\"true\" class=\"wp-block-spacer\"><\/div>\n\n\n\n<div class=\"wp-block-group atbcard-highlight blue\"><div class=\"wp-block-group__inner-container is-layout-constrained wp-block-group-is-layout-constrained\">\n<div class=\"wp-block-columns is-layout-flex wp-container-core-columns-is-layout-9d6595d7 wp-block-columns-is-layout-flex\">\n<div class=\"wp-block-column is-vertically-aligned-center is-layout-flow wp-block-column-is-layout-flow\" style=\"flex-basis:25%\">\n<figure class=\"wp-block-image size-full\"><a href=\"\/wp-content\/uploads\/2025\/02\/atbas_mde_autohaus_artikel_2020.pdf\" target=\"_blank\" rel=\"  noreferrer noopener\"><img decoding=\"async\" width=\"768\" height=\"768\" src=\"\/wp-content\/uploads\/2025\/02\/kfz-magazin_PDF_Template-1.png\" alt=\"\" class=\"wp-image-2055\" srcset=\"\/wp-content\/uploads\/2025\/02\/kfz-magazin_PDF_Template-1.png 768w, \/wp-content\/uploads\/2025\/02\/kfz-magazin_PDF_Template-1-300x300.png 300w, \/wp-content\/uploads\/2025\/02\/kfz-magazin_PDF_Template-1-150x150.png 150w\" sizes=\"(max-width: 768px) 100vw, 768px\" \/><\/a><\/figure>\n<\/div>\n\n\n\n<div class=\"wp-block-column is-vertically-aligned-center is-layout-flow wp-block-column-is-layout-flow\" style=\"flex-basis:75%\">\n<h2 class=\"wp-block-heading\">&#8220;A well-rounded product&#8221; &#8211; what the trade press &amp; customers say<\/h2>\n\n\n\n<p>In the November issue of AUTOHAUS, we show how companies can use digital solutions to master wheel storage with minimal effort.<\/p>\n\n\n\n<div class=\"wp-block-buttons is-content-justification-left is-layout-flex wp-container-core-buttons-is-layout-cf25e3cc wp-block-buttons-is-layout-flex\">\n<div class=\"wp-block-button\"><a class=\"wp-block-button__link has-text-align-center wp-element-button\" href=\"\/wp-content\/uploads\/2025\/02\/atbas_mde_autohaus_artikel_2020.pdf\" style=\"border-radius:6px\" target=\"_blank\" rel=\"noreferrer noopener\"><strong>Read article online now<\/strong><\/a><\/div>\n<\/div>\n<\/div>\n<\/div>\n<\/div><\/div>\n\n\n\n<div style=\"height:64px\" aria-hidden=\"true\" class=\"wp-block-spacer\"><\/div>\n\n\n\n<div class=\"wp-block-group atbcard demo_mde\"><div class=\"wp-block-group__inner-container is-layout-constrained wp-block-group-is-layout-constrained\">\n<h2 class=\"wp-block-heading\">ATBAS MDE vorab ausprobieren?<\/h2>\n\n\n\n<div class=\"wp-block-columns is-layout-flex wp-container-core-columns-is-layout-9d6595d7 wp-block-columns-is-layout-flex\">\n<div class=\"wp-block-column is-layout-flow wp-block-column-is-layout-flow\" style=\"flex-basis:70%\">\n<p><strong><strong><strong>Testen Sie jetzt unverbindlich die Online-Demo zur mobilen Datenerfassung und erleben die M\u00f6glichkeiten.<\/strong><\/strong><\/strong><\/p>\n<\/div>\n\n\n\n<div class=\"wp-block-column is-layout-flow wp-block-column-is-layout-flow\"><\/div>\n<\/div>\n\n\n\n<div class=\"wp-block-columns is-layout-flex wp-container-core-columns-is-layout-9d6595d7 wp-block-columns-is-layout-flex\">\n<div class=\"wp-block-column is-vertically-aligned-center is-layout-flow wp-block-column-is-layout-flow\" style=\"flex-basis:25%\">\n<div class=\"wp-block-buttons is-horizontal is-layout-flex wp-block-buttons-is-layout-flex\">\n<div class=\"wp-block-button\"><a class=\"wp-block-button__link has-text-color has-background has-link-color wp-element-button\" href=\"\/demo-atbas-mde\/\" style=\"border-radius:6px;color:#ffe200;background-color:#222222\" rel=\"nofollow\"><strong>Jetzt online testen<\/strong><\/a><\/div>\n<\/div>\n<\/div>\n\n\n\n<div class=\"wp-block-column is-vertically-aligned-center is-layout-flow wp-block-column-is-layout-flow\" style=\"flex-basis:25%\"><\/div>\n\n\n\n<div class=\"wp-block-column is-vertically-aligned-center is-layout-flow wp-block-column-is-layout-flow\" style=\"flex-basis:50%\"><\/div>\n<\/div>\n<\/div><\/div>\n\n\n\n<div style=\"height:64px\" aria-hidden=\"true\" class=\"wp-block-spacer\"><\/div>\n\n\n\n<div class=\"wp-block-group atbanner is-layout-grid wp-container-core-group-is-layout-e7c6ae50 wp-block-group-is-layout-grid\">\n<div class=\"wp-block-group\"><div class=\"wp-block-group__inner-container is-layout-constrained wp-block-group-is-layout-constrained\">\n<h2 class=\"wp-block-heading\"><strong>Technical details of the hardware<\/strong><\/h2>\n\n\n\n<p><strong>\u2713<\/strong> 4.7&#8243; display: legible even in unfavorable lighting conditions<br><strong>\u2713<\/strong> Extremely robust: water and dust resistant according to IP65 and IP67<br><strong>\u2713<\/strong> Replaceable lithium-ion battery<br><strong>\u2713<\/strong> Supports WLAN, Bluetooth and LTE 4G<br><strong>\u2713<\/strong> Intuitive software and flexible data entry options<br><strong>\u2713<\/strong> Scanner supports all common 2D barcodes<\/p>\n\n\n\n<p>The multifunctional terminal is suitable for all current ATBAS applications, such as incoming goods, outgoing goods and wheel storage.<\/p>\n<\/div><\/div>\n\n\n\n<div class=\"wp-block-cover is-light\"><img decoding=\"async\" width=\"729\" height=\"1024\" class=\"wp-block-cover__image-background wp-image-100010629 size-large\" alt=\"\" src=\"\/wp-content\/uploads\/2025\/05\/atb_2_rs36_mde-729x1024.png\" data-object-fit=\"cover\" srcset=\"\/wp-content\/uploads\/2025\/05\/atb_2_rs36_mde-729x1024.png 729w, \/wp-content\/uploads\/2025\/05\/atb_2_rs36_mde-214x300.png 214w, \/wp-content\/uploads\/2025\/05\/atb_2_rs36_mde-768x1079.png 768w, \/wp-content\/uploads\/2025\/05\/atb_2_rs36_mde.png 854w\" sizes=\"(max-width: 729px) 100vw, 729px\" \/><span aria-hidden=\"true\" class=\"wp-block-cover__background has-background-dim-0 has-background-dim\"><\/span><div class=\"wp-block-cover__inner-container is-layout-flow wp-block-cover-is-layout-flow\">\n<p class=\"has-text-align-center has-large-font-size\"><\/p>\n<\/div><\/div>\n<\/div>\n\n\n\n<div style=\"height:64px\" aria-hidden=\"true\" class=\"wp-block-spacer\"><\/div>\n\n\n\n<div class=\"wp-block-group atbanner is-layout-grid wp-container-core-group-is-layout-e7c6ae50 wp-block-group-is-layout-grid\">\n<div class=\"wp-block-group\"><div class=\"wp-block-group__inner-container is-layout-constrained wp-block-group-is-layout-constrained\">\n<h2 class=\"wp-block-heading\"><strong>Time saving &amp; process reliability<\/strong><\/h2>\n\n\n\n<p><strong>\u2713<\/strong> Data capture with license plate recognition directly on the vehicle without a PC, for maximum process reliability even if the data connection is interrupted*<\/p>\n\n\n\n<p><strong>\u2713<\/strong> Automatic synchronization of data with the next existing connection<\/p>\n\n\n\n<p><strong>\u2713<\/strong> Attach photos to the customer or vehicle master data without media discontinuity<\/p>\n\n\n\n<p><strong>\u2713<\/strong> Recorded data can be viewed immediately from any workstation in the company<\/p>\n\n\n\n<p><strong>\u2713<\/strong> A robust mobile device with suitable fall protection can be used as a scanner and for data capture and inventory at the same time<\/p>\n\n\n\n<p class=\"smallprint\">*We are constantly developing this feature for you. The feature has limited availability. <\/p>\n<\/div><\/div>\n\n\n\n<div class=\"wp-block-cover is-light\"><img decoding=\"async\" width=\"1478\" height=\"1504\" class=\"wp-block-cover__image-background wp-image-2072 size-full\" alt=\"\" src=\"\/wp-content\/uploads\/2025\/02\/atb_hero3_mde.jpg\" data-object-fit=\"cover\" srcset=\"\/wp-content\/uploads\/2025\/02\/atb_hero3_mde.jpg 1478w, \/wp-content\/uploads\/2025\/02\/atb_hero3_mde-295x300.jpg 295w, \/wp-content\/uploads\/2025\/02\/atb_hero3_mde-1006x1024.jpg 1006w, \/wp-content\/uploads\/2025\/02\/atb_hero3_mde-768x782.jpg 768w\" sizes=\"(max-width: 1478px) 100vw, 1478px\" \/><span aria-hidden=\"true\" class=\"wp-block-cover__background has-background-dim-0 has-background-dim\"><\/span><div class=\"wp-block-cover__inner-container is-layout-flow wp-block-cover-is-layout-flow\">\n<p class=\"has-text-align-center has-large-font-size\"><\/p>\n<\/div><\/div>\n<\/div>\n\n\n\n<div style=\"height:64px\" aria-hidden=\"true\" class=\"wp-block-spacer\"><\/div>\n\n\n\n<div class=\"wp-block-group atbcard c2a rainbow wide\"><div class=\"wp-block-group__inner-container is-layout-constrained wp-block-group-is-layout-constrained\">\n<h2 class=\"wp-block-heading has-base-3-color has-text-color has-link-color has-x-large-font-size wp-elements-880830a730e0f98fbd1e386064b23e61\"><img decoding=\"async\" width=\"36\" height=\"37\" class=\"wp-image-100008868\" style=\"width: 36px;\" src=\"\/wp-content\/uploads\/2025\/03\/icon_tel.png\" alt=\"\" srcset=\"\/wp-content\/uploads\/2025\/03\/icon_tel.png 432w, \/wp-content\/uploads\/2025\/03\/icon_tel-289x300.png 289w, \/wp-content\/uploads\/2025\/03\/icon_tel-150x150.png 150w\" sizes=\"(max-width: 36px) 100vw, 36px\" \/>   Haben wir Ihr Interesse geweckt?<\/h2>\n\n\n\n<p><strong>Konnten wir Sie schon \u00fcberzeugen oder haben Sie noch Fragen? Vereinbaren Sie einfach ein Beratungsgespr\u00e4ch oder R\u00fcckruf &#8211; kostenfrei nat\u00fcrlich.<\/strong><\/p>\n\n\n\n<div class=\"wp-block-contact-form-7-contact-form-selector\">\n<div class=\"wpcf7 no-js\" id=\"wpcf7-f100008847-o1\" lang=\"de-DE\" dir=\"ltr\" data-wpcf7-id=\"100008847\">\n<div class=\"screen-reader-response\"><p role=\"status\" aria-live=\"polite\" aria-atomic=\"true\"><\/p> <ul><\/ul><\/div>\n<form action=\"\/en\/wp-json\/wp\/v2\/pages\/100013155#wpcf7-f100008847-o1\" method=\"post\" class=\"wpcf7-form init wpcf7-acceptance-as-validation\" aria-label=\"Kontaktformular\" novalidate=\"novalidate\" data-status=\"init\">\n<fieldset class=\"hidden-fields-container\"><input type=\"hidden\" name=\"_wpcf7\" value=\"100008847\" \/><input type=\"hidden\" name=\"_wpcf7_version\" value=\"6.1.5\" \/><input type=\"hidden\" name=\"_wpcf7_locale\" value=\"de_DE\" \/><input type=\"hidden\" name=\"_wpcf7_unit_tag\" value=\"wpcf7-f100008847-o1\" \/><input type=\"hidden\" name=\"_wpcf7_container_post\" value=\"0\" \/><input type=\"hidden\" name=\"_wpcf7_posted_data_hash\" value=\"\" \/><input type=\"hidden\" name=\"_wpcf7cf_hidden_group_fields\" value=\"[]\" \/><input type=\"hidden\" name=\"_wpcf7cf_hidden_groups\" value=\"[]\" \/><input type=\"hidden\" name=\"_wpcf7cf_visible_groups\" value=\"[]\" \/><input type=\"hidden\" name=\"_wpcf7cf_repeaters\" value=\"[]\" \/><input type=\"hidden\" name=\"_wpcf7cf_steps\" value=\"{}\" \/><input type=\"hidden\" name=\"_wpcf7cf_options\" value=\"{&quot;form_id&quot;:100008847,&quot;conditions&quot;:[{&quot;then_field&quot;:&quot;group-tel&quot;,&quot;and_rules&quot;:[{&quot;if_field&quot;:&quot;toggle-1&quot;,&quot;operator&quot;:&quot;equals&quot;,&quot;if_value&quot;:&quot;R\\u00fcckruf anzeigen&quot;}]},{&quot;then_field&quot;:&quot;group-mast&quot;,&quot;and_rules&quot;:[{&quot;if_field&quot;:&quot;toggle-1&quot;,&quot;operator&quot;:&quot;equals&quot;,&quot;if_value&quot;:&quot;R\\u00fcckruf erhalten&quot;}]}],&quot;settings&quot;:{&quot;animation&quot;:&quot;yes&quot;,&quot;animation_intime&quot;:&quot;200&quot;,&quot;animation_outtime&quot;:&quot;200&quot;,&quot;conditions_ui&quot;:&quot;normal&quot;,&quot;notice_dismissed&quot;:&quot;true&quot;,&quot;regex_numeric&quot;:&quot;^[0-9]+$&quot;,&quot;regex_alphabetic&quot;:&quot;^[a-zA-Z]+$&quot;,&quot;regex_alphanumeric&quot;:&quot;^[a-zA-Z0-9]+$&quot;,&quot;regex_date&quot;:&quot;^(0?[1-9]|1[012])[- .](0?[1-9]|[12][0-9]|3[01])[- \\\/.](19|20)?[0-9]{2}$&quot;,&quot;regex_email&quot;:&quot;^[a-zA-Z0-9._%-]+@[a-zA-Z0-9.-]+.[a-zA-Z]{2,4}$&quot;,&quot;regex_numeric_label&quot;:&quot;numeric&quot;,&quot;regex_alphabetic_label&quot;:&quot;alphabetic&quot;,&quot;regex_alphanumeric_label&quot;:&quot;alphanumeric&quot;,&quot;regex_date_label&quot;:&quot;date&quot;,&quot;regex_email_label&quot;:&quot;email&quot;,&quot;regex_custom_1&quot;:&quot;&quot;,&quot;regex_custom_2&quot;:&quot;&quot;,&quot;regex_custom_3&quot;:&quot;&quot;,&quot;regex_custom_4&quot;:&quot;&quot;,&quot;regex_custom_5&quot;:&quot;&quot;,&quot;regex_custom_1_label&quot;:&quot;custom 1&quot;,&quot;regex_custom_2_label&quot;:&quot;custom 2&quot;,&quot;regex_custom_3_label&quot;:&quot;custom 3&quot;,&quot;regex_custom_4_label&quot;:&quot;custom 4&quot;,&quot;regex_custom_5_label&quot;:&quot;custom 5&quot;,&quot;notice_dismissed_rollback-cf7-6.1.1&quot;:true,&quot;notice_dismissed_rollback-cf7-6.1.3&quot;:true,&quot;notice_dismissed_rollback-cf7-6.1.4&quot;:true}}\" \/>\n<\/fieldset>\n<div data-id=\"group-mast\" data-orig_data_id=\"group-mast\" data-disable_on_hide class=\"\" data-class=\"wpcf7cf_group\">\n\t<p><a class=\"callback_button\" href=\"\/beratung\/?mtm_campaign=lead_contact&mtm_source=website&mtm_content=bottom_primary_consulting\"><strong>Beratungstermin vereinbaren<\/strong><\/a>&nbsp;&nbsp;&nbsp;oder&nbsp;&nbsp;&nbsp;<button class=\"wpcf7-form-control wpcf7-togglebutton wpcf7cf-togglebutton\" type=\"button\" name=\"toggle-1\" data-val-1=\"R\u00fcckruf erhalten\" data-val-2=\"R\u00fcckruf anzeigen\" value=\"R\u00fcckruf erhalten\">R\u00fcckruf erhalten<\/button>\n\t<\/p>\n<\/div>\n<div data-id=\"group-tel\" data-orig_data_id=\"group-tel\" data-clear_on_hide data-disable_on_hide class=\"\" data-class=\"wpcf7cf_group\">\n\t<div class=\"flex-callback\">\n\t\t<div class=\"flex-item\">\n\t\t\t<p><label> <strong>Ihr Name<\/strong> <span class=\"wpcf7-form-control-wrap\" data-name=\"your-name\"><input size=\"40\" maxlength=\"400\" class=\"wpcf7-form-control wpcf7-text wpcf7-validates-as-required\" aria-required=\"true\" aria-invalid=\"false\" value=\"\" type=\"text\" name=\"your-name\" \/><\/span> <\/label>\n\t\t\t<\/p>\n\t\t<\/div>\n\t\t<div class=\"flex-item\">\n\t\t\t<p><label> <strong>Ihre Telefonnummer<\/strong> <span class=\"wpcf7-form-control-wrap\" data-name=\"your-tel\"><input size=\"40\" maxlength=\"400\" class=\"wpcf7-form-control wpcf7-text wpcf7-validates-as-required\" aria-required=\"true\" aria-invalid=\"false\" value=\"\" type=\"text\" name=\"your-tel\" \/><\/span> <\/label>\n\t\t\t<\/p>\n\t\t<\/div>\n\t\t<p><span id=\"wpcf7-69f3d3358ebcf-wrapper\" class=\"wpcf7-form-control-wrap hp-field-297-wrap\" style=\"display:none !important; visibility:hidden !important;\"><input type=\"hidden\" name=\"hp-field-297-time-start\" value=\"1777586997\"><input type=\"hidden\" name=\"hp-field-297-time-check\" value=\"4\"><label for=\"wpcf7-69f3d3358ebcf-field\" class=\"hp-message\">Bitte lasse dieses Feld leer.<\/label><input id=\"wpcf7-69f3d3358ebcf-field\"  class=\"wpcf7-form-control wpcf7-text\" type=\"text\" name=\"hp-field-297\" value=\"\" size=\"40\" tabindex=\"-1\" autocomplete=\"off\" \/><\/span>\n\t\t<\/p>\n\t\t<div class=\"flex-item\">\n\t\t\t<p><input class=\"wpcf7-form-control wpcf7-submit has-spinner\" type=\"submit\" value=\"R\u00fcckruf anfordern\" \/>\n\t\t\t<\/p>\n\t\t<\/div>\n\t<\/div>\n\t<div>\n\t\t<p><span class=\"wpcf7-form-control-wrap\" data-name=\"acceptance-731\"><span class=\"wpcf7-form-control wpcf7-acceptance\"><span class=\"wpcf7-list-item\"><label><input type=\"checkbox\" name=\"acceptance-731\" value=\"1\" aria-invalid=\"false\" \/><span class=\"wpcf7-list-item-label\">Ich stimme den <a href=\"\/datenschutz\/\" target=\"_blank\" style=\"color: #fff; text-decoration: underline;\">Datenschutzbedingungen<\/a> zu<\/span><\/label><\/span><\/span><\/span>\n\t\t<\/p>\n\t<\/div>\n<\/div><div class=\"wpcf7-response-output\" aria-hidden=\"true\"><\/div>\n<\/form>\n<\/div>\n<\/div>\n\n\n\n<div style=\"height:10px\" aria-hidden=\"true\" class=\"wp-block-spacer\"><\/div>\n<\/div><\/div>\n\n\n\n<div style=\"height:64px\" aria-hidden=\"true\" class=\"wp-block-spacer\"><\/div>\n\n\n\n<div class=\"wp-block-group atbcard-highlight blue\"><div class=\"wp-block-group__inner-container is-layout-constrained wp-block-group-is-layout-constrained\">\n<div class=\"wp-block-columns is-layout-flex wp-container-core-columns-is-layout-9d6595d7 wp-block-columns-is-layout-flex\">\n<div class=\"wp-block-column is-vertically-aligned-center is-layout-flow wp-block-column-is-layout-flow\" style=\"flex-basis:25%\">\n<figure class=\"wp-block-image size-full\"><a href=\"\/wp-content\/uploads\/2025\/02\/flyer_atbas_mde.pdf\" target=\"_blank\" rel=\"  noreferrer noopener\"><img decoding=\"async\" width=\"768\" height=\"768\" src=\"\/wp-content\/uploads\/2025\/02\/flyer_mde_vorschau.png\" alt=\"\" class=\"wp-image-2063\" srcset=\"\/wp-content\/uploads\/2025\/02\/flyer_mde_vorschau.png 768w, \/wp-content\/uploads\/2025\/02\/flyer_mde_vorschau-300x300.png 300w, \/wp-content\/uploads\/2025\/02\/flyer_mde_vorschau-150x150.png 150w\" sizes=\"(max-width: 768px) 100vw, 768px\" \/><\/a><\/figure>\n<\/div>\n\n\n\n<div class=\"wp-block-column is-vertically-aligned-center is-layout-flow wp-block-column-is-layout-flow\" style=\"flex-basis:75%\">\n<h2 class=\"wp-block-heading\">All information in the flyer<\/h2>\n\n\n\n<p>Read all about ATBAS MDE in the PDF flyer for downloading &amp; printing.<\/p>\n\n\n\n<div class=\"wp-block-buttons is-content-justification-left is-layout-flex wp-container-core-buttons-is-layout-cf25e3cc wp-block-buttons-is-layout-flex\">\n<div class=\"wp-block-button\"><a class=\"wp-block-button__link has-text-align-center wp-element-button\" href=\"\/wp-content\/uploads\/2025\/02\/flyer_atbas_mde.pdf\" style=\"border-radius:6px\" target=\"_blank\" rel=\"noreferrer noopener\"><strong>Download &amp; view flyer<\/strong><\/a><\/div>\n<\/div>\n<\/div>\n<\/div>\n\n\n\n<p><\/p>\n<\/div><\/div>\n","protected":false},"excerpt":{"rendered":"<p>Enables you to flexibly record data directly on the vehicle ATBAS DEPOT MDE enables mobile data collection on the vehicle without a PC and permanent WLAN Your data is automatically synchronized with the next existing network connection and transferred to your system. In addition, you can attach photos to the respective customer or vehicle master &#8230; <a title=\"ATBAS MDE &#8211; Mobile data acquisition\" class=\"read-more\" href=\"https:\/\/atbas.de\/en\/atbas-mde-mobile-data-acquisition\/\" aria-label=\"Read more about ATBAS MDE &#8211; Mobile data acquisition\">Read more<\/a><\/p>\n","protected":false},"author":2,"featured_media":0,"parent":0,"menu_order":0,"comment_status":"closed","ping_status":"closed","template":"","meta":{"footnotes":""},"class_list":["post-100013155","page","type-page","status-publish"],"_links":{"self":[{"href":"https:\/\/atbas.de\/en\/wp-json\/wp\/v2\/pages\/100013155","targetHints":{"allow":["GET"]}}],"collection":[{"href":"https:\/\/atbas.de\/en\/wp-json\/wp\/v2\/pages"}],"about":[{"href":"https:\/\/atbas.de\/en\/wp-json\/wp\/v2\/types\/page"}],"author":[{"embeddable":true,"href":"https:\/\/atbas.de\/en\/wp-json\/wp\/v2\/users\/2"}],"replies":[{"embeddable":true,"href":"https:\/\/atbas.de\/en\/wp-json\/wp\/v2\/comments?post=100013155"}],"version-history":[{"count":1,"href":"https:\/\/atbas.de\/en\/wp-json\/wp\/v2\/pages\/100013155\/revisions"}],"predecessor-version":[{"id":100013157,"href":"https:\/\/atbas.de\/en\/wp-json\/wp\/v2\/pages\/100013155\/revisions\/100013157"}],"wp:attachment":[{"href":"https:\/\/atbas.de\/en\/wp-json\/wp\/v2\/media?parent=100013155"}],"curies":[{"name":"wp","href":"https:\/\/api.w.org\/{rel}","templated":true}]}}