{"id":100013158,"date":"2024-02-28T11:36:37","date_gmt":"2024-02-28T10:36:37","guid":{"rendered":"https:\/\/www.atbas.de\/references\/"},"modified":"2026-02-27T10:02:57","modified_gmt":"2026-02-27T09:02:57","slug":"references","status":"publish","type":"page","link":"https:\/\/atbas.de\/en\/references\/","title":{"rendered":"References"},"content":{"rendered":"\n<p class=\"has-text-align-center has-medium-font-size\">More than 1,400 satisfied customers speak for themselves. Read selected stories and testimonials from our customers here.<\/p>\n\n\n\n<div style=\"height:44px\" aria-hidden=\"true\" class=\"wp-block-spacer\"><\/div>\n\n\n\n<h2 class=\"wp-block-heading has-text-align-center\"><strong>Das sagen Kunden \u00fcber ATBAS<\/strong><\/h2>\n\n\n\n<div class=\"wp-block-columns is-layout-flex wp-container-core-columns-is-layout-9d6595d7 wp-block-columns-is-layout-flex\">\n<div class=\"wp-block-column atbcard blue is-layout-flow wp-block-column-is-layout-flow\" style=\"flex-basis:50%\">\n<h3 class=\"wp-block-heading has-text-align-center\"><strong>Neils &amp; Kraft GmbH &amp; Co. KG<\/strong><\/h3>\n\n\n\n<p class=\"speech-bubble speech-bubble-bottom-left\"><strong><strong>Wir arbeiten bereits seit 2018 mit ATBAS und nutzen den Manager f\u00fcr die Teilelogistik ATBAS NET<\/strong><\/strong><br><br>Nach knapp 5 Jahren Erfahrungen mit dem Programm kann ich mir erlauben zu sagen, dass sich unsere internen Abl\u00e4ufe deutlich verbessert haben. Wir brauchen keine E-Mails (intern)&nbsp;mehr zu schreiben. Die Zettelwirtschaft entf\u00e4llt und alle betreffenden Mitarbeiter werden automatisch durch das System informiert. F\u00fcr unsere Mitarbeiter ist das eine echte Unterst\u00fctzung.<\/p>\n\n\n\n<div class=\"wp-block-columns is-layout-flex wp-container-core-columns-is-layout-9d6595d7 wp-block-columns-is-layout-flex\">\n<div class=\"wp-block-column is-vertically-aligned-top is-layout-flow wp-block-column-is-layout-flow\" style=\"flex-basis:25%\"><div class=\"wp-block-image is-style-rounded\">\n<figure class=\"alignleft size-full is-resized\"><img decoding=\"async\" width=\"800\" height=\"800\" src=\"\/wp-content\/uploads\/2025\/02\/ref_konur.jpg\" alt=\"\" class=\"wp-image-1701\" style=\"width:96px\" srcset=\"\/wp-content\/uploads\/2025\/02\/ref_konur.jpg 800w, \/wp-content\/uploads\/2025\/02\/ref_konur-300x300.jpg 300w, \/wp-content\/uploads\/2025\/02\/ref_konur-150x150.jpg 150w, \/wp-content\/uploads\/2025\/02\/ref_konur-768x768.jpg 768w\" sizes=\"(max-width: 800px) 100vw, 800px\" \/><\/figure>\n<\/div><\/div>\n\n\n\n<div class=\"wp-block-column is-vertically-aligned-center is-layout-flow wp-block-column-is-layout-flow\">\n<p class=\"has-text-align-left\"><strong>Herr Konur<\/strong><br><strong>Teiledienstleiter<\/strong><\/p>\n\n\n\n<p class=\"has-text-align-left\"><strong>Marken: Mercedes<\/strong><br><strong>Produkt: <a href=\"https:\/\/atbas.de\/net\/\" data-type=\"page\" data-id=\"16\">ATBAS NET<\/a><\/strong><\/p>\n<\/div>\n<\/div>\n<\/div>\n\n\n\n<div class=\"wp-block-column atbcard blue is-layout-flow wp-block-column-is-layout-flow\" style=\"flex-basis:50%\">\n<h3 class=\"wp-block-heading has-text-align-center\"><strong>Autohaus Glinicke GmbH<\/strong><\/h3>\n\n\n\n<p class=\"speech-bubble speech-bubble-bottom-left\"><strong>Wir verwenden ATBAS schon seit 2010<\/strong> <br><br>Seit der Einf\u00fchrung haben sich unsere Prozesse stetig verbessert und wir sind weg von der klassischen Zettelwirtschaft, hin zum digitalen Arbeiten und das ist nat\u00fcrlich f\u00fcr unsere Mitarbeiter:innen eine enorme Erleichterung.<\/p>\n\n\n\n<div class=\"wp-block-columns is-layout-flex wp-container-core-columns-is-layout-9d6595d7 wp-block-columns-is-layout-flex\">\n<div class=\"wp-block-column is-vertically-aligned-top is-layout-flow wp-block-column-is-layout-flow\" style=\"flex-basis:25%\"><div class=\"wp-block-image is-style-rounded\">\n<figure class=\"alignleft size-full is-resized\"><img decoding=\"async\" width=\"800\" height=\"800\" src=\"\/wp-content\/uploads\/2025\/02\/ref_mkais.jpg\" alt=\"\" class=\"wp-image-1702\" style=\"width:96px\" srcset=\"\/wp-content\/uploads\/2025\/02\/ref_mkais.jpg 800w, \/wp-content\/uploads\/2025\/02\/ref_mkais-300x300.jpg 300w, \/wp-content\/uploads\/2025\/02\/ref_mkais-150x150.jpg 150w, \/wp-content\/uploads\/2025\/02\/ref_mkais-768x768.jpg 768w\" sizes=\"(max-width: 800px) 100vw, 800px\" \/><\/figure>\n<\/div><\/div>\n\n\n\n<div class=\"wp-block-column is-vertically-aligned-center is-layout-flow wp-block-column-is-layout-flow\">\n<p class=\"has-text-align-left\"><strong>Frau Kaiser<\/strong><br><strong>Service<\/strong><\/p>\n\n\n\n<p class=\"has-text-align-left\"><strong>Marken: VW, Audi, \u0160koda, Porsche<\/strong><br><strong>Produkte: <a href=\"https:\/\/atbas.de\/net\/\" data-type=\"page\" data-id=\"16\">ATBAS NET<\/a>, <a href=\"https:\/\/atbas.de\/depot\/\" data-type=\"link\" data-id=\"https:\/\/atbas.de\/depot\/\">DEPOT<\/a>, <a href=\"\/mwe\/\">MWE<\/a><\/strong><\/p>\n<\/div>\n<\/div>\n<\/div>\n<\/div>\n\n\n\n<div style=\"height:44px\" aria-hidden=\"true\" class=\"wp-block-spacer\"><\/div>\n\n\n\n<div class=\"wp-block-columns is-layout-flex wp-container-core-columns-is-layout-9d6595d7 wp-block-columns-is-layout-flex\">\n<div class=\"wp-block-column atbcard blue is-layout-flow wp-block-column-is-layout-flow\" style=\"flex-basis:50%\">\n<h3 class=\"wp-block-heading has-text-align-center\"><strong>Autohaus Riller &amp; Schnauck<\/strong><\/h3>\n\n\n\n<p class=\"speech-bubble speech-bubble-bottom-left\"><strong><strong><strong>Seit 4 Jahren nutzen wir am Standort Teltow ATBAS NET und haben dort die Vorz\u00fcge des Systems hinsichtlich Zeiteinsparung und Kosteneffizienz kennenlernen d\u00fcrfen.<\/strong><\/strong><\/strong><br><br>Wir merken in unserer t\u00e4glichen Arbeit, wie effizient und auskunftsf\u00e4hig das System ist. Gerade in unserer vielf\u00e4ltigen BMW Softwarelandschaft vereinfacht ATBAS die Prozesse im After Sales. Abteilungs\u00fcbergreifend (Service, Werkstatt, Disposition) kann jeder Mitarbeiter alle relevanten Informationen aus dem Teilevertrieb in Echtzeit abrufen.<\/p>\n\n\n\n<div class=\"wp-block-columns is-layout-flex wp-container-core-columns-is-layout-9d6595d7 wp-block-columns-is-layout-flex\">\n<div class=\"wp-block-column is-vertically-aligned-top is-layout-flow wp-block-column-is-layout-flow\" style=\"flex-basis:25%\"><div class=\"wp-block-image is-style-rounded\">\n<figure class=\"alignleft size-full is-resized\"><img decoding=\"async\" width=\"800\" height=\"800\" src=\"\/wp-content\/uploads\/2025\/02\/ref_rrueckb.jpg\" alt=\"\" class=\"wp-image-1703\" style=\"width:96px\" srcset=\"\/wp-content\/uploads\/2025\/02\/ref_rrueckb.jpg 800w, \/wp-content\/uploads\/2025\/02\/ref_rrueckb-300x300.jpg 300w, \/wp-content\/uploads\/2025\/02\/ref_rrueckb-150x150.jpg 150w, \/wp-content\/uploads\/2025\/02\/ref_rrueckb-768x768.jpg 768w\" sizes=\"(max-width: 800px) 100vw, 800px\" \/><\/figure>\n<\/div><\/div>\n\n\n\n<div class=\"wp-block-column is-vertically-aligned-center is-layout-flow wp-block-column-is-layout-flow\">\n<p class=\"has-text-align-left\"><strong>Marken: BMW<\/strong><br><strong>Produkt: <a href=\"https:\/\/atbas.de\/net\/\" data-type=\"page\" data-id=\"16\">ATBAS NET<\/a><\/strong><\/p>\n\n\n\n<p class=\"has-text-align-left\"><strong>Herr R\u00fcckborn<\/strong><br><strong>Teamleiter im Teilevertrieb<\/strong><\/p>\n<\/div>\n<\/div>\n<\/div>\n<\/div>\n\n\n\n<div style=\"height:44px\" aria-hidden=\"true\" class=\"wp-block-spacer\"><\/div>\n\n\n\n<h2 class=\"wp-block-heading has-text-align-center\"><strong>Das sagt die Fachpresse \u00fcber ATBAS<\/strong><\/h2>\n\n\n\n<div class=\"wp-block-columns is-layout-flex wp-container-core-columns-is-layout-9d6595d7 wp-block-columns-is-layout-flex\">\n<div class=\"wp-block-column atbcard blue is-layout-flow wp-block-column-is-layout-flow\">\n<h3 class=\"wp-block-heading has-text-align-center\"><strong>Die Fachpresse berichtet <\/strong><br><strong>\u00fcber ATBAS Agent<\/strong><\/h3>\n\n\n<div class=\"wp-block-image\">\n<figure class=\"aligncenter size-full is-resized\"><a href=\"https:\/\/www.kfz-betrieb.vogel.de\/webbasierte-anwendung-fuer-schnelleren-informationszugriff-a-8636d49865354350129d0976c5aae494\/\" target=\"_blank\" rel=\" noreferrer noopener\"><img decoding=\"async\" width=\"768\" height=\"768\" src=\"\/wp-content\/uploads\/2024\/10\/ref_agent_kfz-betrieb.png\" alt=\"\" class=\"wp-image-100014095\" style=\"width:auto;height:200px\" srcset=\"\/wp-content\/uploads\/2024\/10\/ref_agent_kfz-betrieb.png 768w, \/wp-content\/uploads\/2024\/10\/ref_agent_kfz-betrieb-300x300.png 300w, \/wp-content\/uploads\/2024\/10\/ref_agent_kfz-betrieb-150x150.png 150w\" sizes=\"(max-width: 768px) 100vw, 768px\" \/><\/a><\/figure>\n<\/div>\n\n\n<div style=\"height:32px\" aria-hidden=\"true\" class=\"wp-block-spacer\"><\/div>\n\n\n\n<p class=\"has-text-align-center\">Lesen Sie das Neueste \u00fcber ATBAS Agent im Fachmagazin kfz-betrieb vom August 2025<\/p>\n\n\n\n<div style=\"height:24px\" aria-hidden=\"true\" class=\"wp-block-spacer\"><\/div>\n\n\n\n<div class=\"wp-block-buttons is-content-justification-center is-layout-flex wp-container-core-buttons-is-layout-16018d1d wp-block-buttons-is-layout-flex\">\n<div class=\"wp-block-button\"><a class=\"wp-block-button__link wp-element-button\" href=\"https:\/\/www.kfz-betrieb.vogel.de\/webbasierte-anwendung-fuer-schnelleren-informationszugriff-a-8636d49865354350129d0976c5aae494\/\" style=\"border-radius:6px\" target=\"_blank\" rel=\"noreferrer noopener\"><strong>Artikel jetzt online lesen<\/strong><\/a><\/div>\n<\/div>\n<\/div>\n\n\n\n<div class=\"wp-block-column atbcard blue is-layout-flow wp-block-column-is-layout-flow\">\n<h3 class=\"wp-block-heading has-text-align-center\"><strong>Das sagt die Fachpresse <\/strong><br><strong>\u00fcber ATBAS NET<\/strong><\/h3>\n\n\n<div class=\"wp-block-image\">\n<figure class=\"aligncenter size-full is-resized\"><a href=\"\/wp-content\/uploads\/2025\/04\/kfz-betrieb-20201030-artikel.pdf\" target=\"_blank\" rel=\" noreferrer noopener\"><img decoding=\"async\" width=\"768\" height=\"768\" src=\"\/wp-content\/uploads\/2025\/01\/mag_kfz_4445.png\" alt=\"\" class=\"wp-image-1216\" style=\"width:auto;height:200px\" srcset=\"\/wp-content\/uploads\/2025\/01\/mag_kfz_4445.png 768w, \/wp-content\/uploads\/2025\/01\/mag_kfz_4445-300x300.png 300w, \/wp-content\/uploads\/2025\/01\/mag_kfz_4445-150x150.png 150w\" sizes=\"(max-width: 768px) 100vw, 768px\" \/><\/a><\/figure>\n<\/div>\n\n\n<div style=\"height:32px\" aria-hidden=\"true\" class=\"wp-block-spacer\"><\/div>\n\n\n\n<p class=\"has-text-align-center\">Lesen Sie alles \u00fcber ATBAS NET im Fachmagazin kfz-betrieb (Ausgabe 44-45)<\/p>\n\n\n\n<div style=\"height:24px\" aria-hidden=\"true\" class=\"wp-block-spacer\"><\/div>\n\n\n\n<div class=\"wp-block-buttons is-content-justification-center is-layout-flex wp-container-core-buttons-is-layout-16018d1d wp-block-buttons-is-layout-flex\">\n<div class=\"wp-block-button\"><a class=\"wp-block-button__link wp-element-button\" href=\"\/wp-content\/uploads\/2025\/04\/kfz-betrieb-20201030-artikel.pdf\" style=\"border-radius:6px\" target=\"_blank\" rel=\"noreferrer noopener\"><strong>Artikel jetzt online lesen<\/strong><\/a><\/div>\n<\/div>\n<\/div>\n<\/div>\n\n\n\n<div style=\"height:100px\" aria-hidden=\"true\" class=\"wp-block-spacer\"><\/div>\n\n\n\n<div class=\"wp-block-group atbcard c2a rainbow wide\"><div class=\"wp-block-group__inner-container is-layout-constrained wp-block-group-is-layout-constrained\">\n<h2 class=\"wp-block-heading has-base-3-color has-text-color has-link-color has-x-large-font-size wp-elements-880830a730e0f98fbd1e386064b23e61\"><img decoding=\"async\" width=\"36\" height=\"37\" class=\"wp-image-100008868\" style=\"width: 36px;\" src=\"\/wp-content\/uploads\/2025\/03\/icon_tel.png\" alt=\"\" srcset=\"\/wp-content\/uploads\/2025\/03\/icon_tel.png 432w, \/wp-content\/uploads\/2025\/03\/icon_tel-289x300.png 289w, \/wp-content\/uploads\/2025\/03\/icon_tel-150x150.png 150w\" sizes=\"(max-width: 36px) 100vw, 36px\" \/>   Haben wir Ihr Interesse geweckt?<\/h2>\n\n\n\n<p><strong>Konnten wir Sie schon \u00fcberzeugen oder haben Sie noch Fragen? Vereinbaren Sie einfach ein Beratungsgespr\u00e4ch oder R\u00fcckruf &#8211; kostenfrei nat\u00fcrlich.<\/strong><\/p>\n\n\n\n<div class=\"wp-block-contact-form-7-contact-form-selector\">\n<div class=\"wpcf7 no-js\" id=\"wpcf7-f100008847-o1\" lang=\"de-DE\" dir=\"ltr\" data-wpcf7-id=\"100008847\">\n<div class=\"screen-reader-response\"><p role=\"status\" aria-live=\"polite\" aria-atomic=\"true\"><\/p> <ul><\/ul><\/div>\n<form action=\"\/en\/wp-json\/wp\/v2\/pages\/100013158#wpcf7-f100008847-o1\" method=\"post\" class=\"wpcf7-form init wpcf7-acceptance-as-validation\" aria-label=\"Kontaktformular\" novalidate=\"novalidate\" data-status=\"init\">\n<fieldset class=\"hidden-fields-container\"><input type=\"hidden\" name=\"_wpcf7\" value=\"100008847\" \/><input type=\"hidden\" name=\"_wpcf7_version\" value=\"6.1.5\" \/><input type=\"hidden\" name=\"_wpcf7_locale\" value=\"de_DE\" \/><input type=\"hidden\" name=\"_wpcf7_unit_tag\" value=\"wpcf7-f100008847-o1\" \/><input type=\"hidden\" name=\"_wpcf7_container_post\" value=\"0\" \/><input type=\"hidden\" name=\"_wpcf7_posted_data_hash\" value=\"\" \/><input type=\"hidden\" name=\"_wpcf7cf_hidden_group_fields\" value=\"[]\" \/><input type=\"hidden\" name=\"_wpcf7cf_hidden_groups\" value=\"[]\" \/><input type=\"hidden\" name=\"_wpcf7cf_visible_groups\" value=\"[]\" \/><input type=\"hidden\" name=\"_wpcf7cf_repeaters\" value=\"[]\" \/><input type=\"hidden\" name=\"_wpcf7cf_steps\" value=\"{}\" \/><input type=\"hidden\" name=\"_wpcf7cf_options\" value=\"{&quot;form_id&quot;:100008847,&quot;conditions&quot;:[{&quot;then_field&quot;:&quot;group-tel&quot;,&quot;and_rules&quot;:[{&quot;if_field&quot;:&quot;toggle-1&quot;,&quot;operator&quot;:&quot;equals&quot;,&quot;if_value&quot;:&quot;R\\u00fcckruf anzeigen&quot;}]},{&quot;then_field&quot;:&quot;group-mast&quot;,&quot;and_rules&quot;:[{&quot;if_field&quot;:&quot;toggle-1&quot;,&quot;operator&quot;:&quot;equals&quot;,&quot;if_value&quot;:&quot;R\\u00fcckruf erhalten&quot;}]}],&quot;settings&quot;:{&quot;animation&quot;:&quot;yes&quot;,&quot;animation_intime&quot;:&quot;200&quot;,&quot;animation_outtime&quot;:&quot;200&quot;,&quot;conditions_ui&quot;:&quot;normal&quot;,&quot;notice_dismissed&quot;:&quot;true&quot;,&quot;repeater_remove_button&quot;:&quot;bottom&quot;,&quot;regex_numeric&quot;:&quot;^[0-9]+$&quot;,&quot;regex_alphabetic&quot;:&quot;^[a-zA-Z]+$&quot;,&quot;regex_alphanumeric&quot;:&quot;^[a-zA-Z0-9]+$&quot;,&quot;regex_date&quot;:&quot;^(0?[1-9]|1[012])[- .](0?[1-9]|[12][0-9]|3[01])[- \\\/.](19|20)?[0-9]{2}$&quot;,&quot;regex_email&quot;:&quot;^[a-zA-Z0-9._%-]+@[a-zA-Z0-9.-]+.[a-zA-Z]{2,4}$&quot;,&quot;regex_numeric_label&quot;:&quot;numeric&quot;,&quot;regex_alphabetic_label&quot;:&quot;alphabetic&quot;,&quot;regex_alphanumeric_label&quot;:&quot;alphanumeric&quot;,&quot;regex_date_label&quot;:&quot;date&quot;,&quot;regex_email_label&quot;:&quot;email&quot;,&quot;regex_custom_1&quot;:&quot;&quot;,&quot;regex_custom_2&quot;:&quot;&quot;,&quot;regex_custom_3&quot;:&quot;&quot;,&quot;regex_custom_4&quot;:&quot;&quot;,&quot;regex_custom_5&quot;:&quot;&quot;,&quot;regex_custom_1_label&quot;:&quot;custom 1&quot;,&quot;regex_custom_2_label&quot;:&quot;custom 2&quot;,&quot;regex_custom_3_label&quot;:&quot;custom 3&quot;,&quot;regex_custom_4_label&quot;:&quot;custom 4&quot;,&quot;regex_custom_5_label&quot;:&quot;custom 5&quot;,&quot;notice_dismissed_rollback-cf7-6.1.1&quot;:true,&quot;notice_dismissed_rollback-cf7-6.1.3&quot;:true,&quot;notice_dismissed_rollback-cf7-6.1.4&quot;:true}}\" \/>\n<\/fieldset>\n<div data-id=\"group-mast\" data-orig_data_id=\"group-mast\" data-disable_on_hide class=\"\" data-class=\"wpcf7cf_group\">\n\t<p><a class=\"callback_button\" href=\"\/beratung\/?mtm_campaign=lead_contact&mtm_source=website&mtm_content=bottom_primary_consulting\"><strong>Beratungstermin vereinbaren<\/strong><\/a>&nbsp;&nbsp;&nbsp;oder&nbsp;&nbsp;&nbsp;<button class=\"wpcf7-form-control wpcf7-togglebutton wpcf7cf-togglebutton\" type=\"button\" name=\"toggle-1\" data-val-1=\"R\u00fcckruf erhalten\" data-val-2=\"R\u00fcckruf anzeigen\" value=\"R\u00fcckruf erhalten\">R\u00fcckruf erhalten<\/button>\n\t<\/p>\n<\/div>\n<div data-id=\"group-tel\" data-orig_data_id=\"group-tel\" data-clear_on_hide data-disable_on_hide class=\"\" data-class=\"wpcf7cf_group\">\n\t<div class=\"flex-callback\">\n\t\t<div class=\"flex-item\">\n\t\t\t<p><label> <strong>Ihr Name<\/strong> <span class=\"wpcf7-form-control-wrap\" data-name=\"your-name\"><input size=\"40\" maxlength=\"400\" class=\"wpcf7-form-control wpcf7-text wpcf7-validates-as-required\" aria-required=\"true\" aria-invalid=\"false\" value=\"\" type=\"text\" name=\"your-name\" \/><\/span> <\/label>\n\t\t\t<\/p>\n\t\t<\/div>\n\t\t<div class=\"flex-item\">\n\t\t\t<p><label> <strong>Ihre Telefonnummer<\/strong> <span class=\"wpcf7-form-control-wrap\" data-name=\"your-tel\"><input size=\"40\" maxlength=\"400\" class=\"wpcf7-form-control wpcf7-text wpcf7-validates-as-required\" aria-required=\"true\" aria-invalid=\"false\" value=\"\" type=\"text\" name=\"your-tel\" \/><\/span> <\/label>\n\t\t\t<\/p>\n\t\t<\/div>\n\t\t<p><span id=\"wpcf7-69fddb79059ca-wrapper\" class=\"wpcf7-form-control-wrap hp-field-297-wrap\" style=\"display:none !important; visibility:hidden !important;\"><input type=\"hidden\" name=\"hp-field-297-time-start\" value=\"1778244473\"><input type=\"hidden\" name=\"hp-field-297-time-check\" value=\"4\"><label for=\"wpcf7-69fddb79059ca-field\" class=\"hp-message\">Bitte lasse dieses Feld leer.<\/label><input id=\"wpcf7-69fddb79059ca-field\"  class=\"wpcf7-form-control wpcf7-text\" type=\"text\" name=\"hp-field-297\" value=\"\" size=\"40\" tabindex=\"-1\" autocomplete=\"off\" \/><\/span>\n\t\t<\/p>\n\t\t<div class=\"flex-item\">\n\t\t\t<p><input class=\"wpcf7-form-control wpcf7-submit has-spinner\" type=\"submit\" value=\"R\u00fcckruf anfordern\" \/>\n\t\t\t<\/p>\n\t\t<\/div>\n\t<\/div>\n\t<div>\n\t\t<p><span class=\"wpcf7-form-control-wrap\" data-name=\"acceptance-731\"><span class=\"wpcf7-form-control wpcf7-acceptance\"><span class=\"wpcf7-list-item\"><label><input type=\"checkbox\" name=\"acceptance-731\" value=\"1\" aria-invalid=\"false\" \/><span class=\"wpcf7-list-item-label\">Ich stimme den <a href=\"\/datenschutz\/\" target=\"_blank\" style=\"color: #fff; text-decoration: underline;\">Datenschutzbedingungen<\/a> zu<\/span><\/label><\/span><\/span><\/span>\n\t\t<\/p>\n\t<\/div>\n<\/div><div class=\"wpcf7-response-output\" aria-hidden=\"true\"><\/div>\n<\/form>\n<\/div>\n<\/div>\n\n\n\n<div style=\"height:10px\" aria-hidden=\"true\" class=\"wp-block-spacer\"><\/div>\n<\/div><\/div>\n","protected":false},"excerpt":{"rendered":"<p>More than 1,400 satisfied customers speak for themselves. Read selected stories and testimonials from our customers here.<\/p>\n","protected":false},"author":2,"featured_media":0,"parent":0,"menu_order":0,"comment_status":"closed","ping_status":"closed","template":"","meta":{"footnotes":""},"class_list":["post-100013158","page","type-page","status-publish"],"_links":{"self":[{"href":"https:\/\/atbas.de\/en\/wp-json\/wp\/v2\/pages\/100013158","targetHints":{"allow":["GET"]}}],"collection":[{"href":"https:\/\/atbas.de\/en\/wp-json\/wp\/v2\/pages"}],"about":[{"href":"https:\/\/atbas.de\/en\/wp-json\/wp\/v2\/types\/page"}],"author":[{"embeddable":true,"href":"https:\/\/atbas.de\/en\/wp-json\/wp\/v2\/users\/2"}],"replies":[{"embeddable":true,"href":"https:\/\/atbas.de\/en\/wp-json\/wp\/v2\/comments?post=100013158"}],"version-history":[{"count":1,"href":"https:\/\/atbas.de\/en\/wp-json\/wp\/v2\/pages\/100013158\/revisions"}],"predecessor-version":[{"id":100013159,"href":"https:\/\/atbas.de\/en\/wp-json\/wp\/v2\/pages\/100013158\/revisions\/100013159"}],"wp:attachment":[{"href":"https:\/\/atbas.de\/en\/wp-json\/wp\/v2\/media?parent=100013158"}],"curies":[{"name":"wp","href":"https:\/\/api.w.org\/{rel}","templated":true}]}}