{"id":100013163,"date":"2024-02-28T11:35:22","date_gmt":"2024-02-28T10:35:22","guid":{"rendered":"https:\/\/www.atbas.de\/partner\/"},"modified":"2026-02-06T10:56:58","modified_gmt":"2026-02-06T09:56:58","slug":"partner","status":"publish","type":"page","link":"https:\/\/atbas.de\/en\/partner\/","title":{"rendered":"Partner"},"content":{"rendered":"\n<p class=\"has-text-align-center has-medium-font-size\">ATBAS not only looks back on a long history of success, but also on many valuable partners:<\/p>\n\n\n\n<div style=\"height:64px\" aria-hidden=\"true\" class=\"wp-block-spacer\"><\/div>\n\n\n\n<div class=\"wp-block-columns atbcard_frame white is-layout-flex wp-container-core-columns-is-layout-9d6595d7 wp-block-columns-is-layout-flex\" id=\"4jet\">\n<div class=\"wp-block-column is-vertically-aligned-center is-layout-flow wp-block-column-is-layout-flow\" style=\"flex-basis:25%\">\n<figure class=\"wp-block-image size-full\"><img decoding=\"async\" width=\"474\" height=\"116\" src=\"\/wp-content\/uploads\/2025\/05\/partner_4jet.png\" alt=\"\" class=\"wp-image-100010383\" srcset=\"\/wp-content\/uploads\/2025\/05\/partner_4jet.png 474w, \/wp-content\/uploads\/2025\/05\/partner_4jet-300x73.png 300w\" sizes=\"(max-width: 474px) 100vw, 474px\" \/><\/figure>\n<\/div>\n\n\n\n<div class=\"wp-block-column is-vertically-aligned-center is-layout-flow wp-block-column-is-layout-flow\" style=\"flex-basis:75%\">\n<h2 class=\"wp-block-heading\">4JET Group<\/h2>\n\n\n\n<p>4JET develops innovative laser systems for cleaning, structuring, marking, cutting and modifying materials in order to achieve high-quality component surfaces that enable the best product quality. By combining laser process technology, optics, image processing, automation and software, we create powerful integrated machine solutions for industrial production.<\/p>\n\n\n\n<p>4JET is also developing the scanning technology &#8216;Scannect&#8217; for the fast and convenient capture of QR codes on tires, which can also be found in ATBAS products.<\/p>\n\n\n\n<p><strong>www.4jet.de<\/strong><\/p>\n<\/div>\n<\/div>\n\n\n\n<div style=\"height:44px\" aria-hidden=\"true\" class=\"wp-block-spacer\"><\/div>\n\n\n\n<div class=\"wp-block-columns atbcard_frame white is-layout-flex wp-container-core-columns-is-layout-9d6595d7 wp-block-columns-is-layout-flex\" id=\"autohausberater\">\n<div class=\"wp-block-column is-vertically-aligned-center is-layout-flow wp-block-column-is-layout-flow\" style=\"flex-basis:25%\">\n<figure class=\"wp-block-image size-full\"><img decoding=\"async\" width=\"490\" height=\"89\" src=\"\/wp-content\/uploads\/2025\/05\/partner_autohausberater.png\" alt=\"\" class=\"wp-image-100010385\" srcset=\"\/wp-content\/uploads\/2025\/05\/partner_autohausberater.png 490w, \/wp-content\/uploads\/2025\/05\/partner_autohausberater-300x54.png 300w\" sizes=\"(max-width: 490px) 100vw, 490px\" \/><\/figure>\n<\/div>\n\n\n\n<div class=\"wp-block-column is-vertically-aligned-top is-layout-flow wp-block-column-is-layout-flow\" style=\"flex-basis:75%\">\n<h2 class=\"wp-block-heading\">The car dealership consultants<\/h2>\n\n\n\n<p>With the car dealership consultants, the name says it all: consulting, coaching and optimization. Thanks to a process survey and analysis, successful and sustainable measures are developed, a potential analysis is created and individual recommendations for action are made to optimize your aftersales processes. The dealership consultants work in the following areas:  <\/p>\n\n\n\n<ul class=\"wp-block-list\">\n<li>Aftersales consulting<\/li>\n\n\n\n<li>Coaching on the job<\/li>\n\n\n\n<li>Interim Management<\/li>\n\n\n\n<li>Consultant Digital Freelance<\/li>\n<\/ul>\n\n\n\n<p><strong>www.dieautohausberater.de<\/strong><\/p>\n<\/div>\n<\/div>\n\n\n\n<div style=\"height:44px\" aria-hidden=\"true\" class=\"wp-block-spacer\"><\/div>\n\n\n\n<div class=\"wp-block-columns atbcard_frame white is-layout-flex wp-container-core-columns-is-layout-9d6595d7 wp-block-columns-is-layout-flex\" id=\"4wheels\">\n<div class=\"wp-block-column is-vertically-aligned-center is-layout-flow wp-block-column-is-layout-flow\" style=\"flex-basis:25%\">\n<figure class=\"wp-block-image size-full\"><img decoding=\"async\" width=\"502\" height=\"167\" src=\"\/wp-content\/uploads\/2025\/05\/partner_4wheels-1.png\" alt=\"\" class=\"wp-image-100010842\" srcset=\"\/wp-content\/uploads\/2025\/05\/partner_4wheels-1.png 502w, \/wp-content\/uploads\/2025\/05\/partner_4wheels-1-300x100.png 300w\" sizes=\"(max-width: 502px) 100vw, 502px\" \/><\/figure>\n<\/div>\n\n\n\n<div class=\"wp-block-column is-vertically-aligned-top is-layout-flow wp-block-column-is-layout-flow\" style=\"flex-basis:75%\">\n<h2 class=\"wp-block-heading\">4WHEELS<\/h2>\n\n\n\n<p>4WHEELS operates over 75 wheel hotels. They support and optimize the customer loyalty of car dealership customers through the seasonal storage of customer wheels. With additional services such as wheel inspections, 4Wheels offers real advantages in after sales. In the direct OEM business, they primarily support manufacturers in logistics processes relating to wheel-tire combinations.   <\/p>\n\n\n\n<ul class=\"wp-block-list\">\n<li>Making an appointment<\/li>\n\n\n\n<li>Transportation<\/li>\n\n\n\n<li>Wheel change<\/li>\n\n\n\n<li>New wheel sales<\/li>\n<\/ul>\n\n\n\n<p><strong>www.4wheels.de<\/strong><\/p>\n<\/div>\n<\/div>\n\n\n\n<div style=\"height:44px\" aria-hidden=\"true\" class=\"wp-block-spacer\"><\/div>\n\n\n\n<div class=\"wp-block-columns atbcard_frame white is-layout-flex wp-container-core-columns-is-layout-9d6595d7 wp-block-columns-is-layout-flex\" id=\"suma\">\n<div class=\"wp-block-column is-vertically-aligned-center is-layout-flow wp-block-column-is-layout-flow\" style=\"flex-basis:25%\">\n<figure class=\"wp-block-image size-full\"><img decoding=\"async\" width=\"489\" height=\"139\" src=\"\/wp-content\/uploads\/2025\/05\/partner_suma.png\" alt=\"\" class=\"wp-image-100010388\" srcset=\"\/wp-content\/uploads\/2025\/05\/partner_suma.png 489w, \/wp-content\/uploads\/2025\/05\/partner_suma-300x85.png 300w\" sizes=\"(max-width: 489px) 100vw, 489px\" \/><\/figure>\n<\/div>\n\n\n\n<div class=\"wp-block-column is-vertically-aligned-top is-layout-flow wp-block-column-is-layout-flow\" style=\"flex-basis:75%\">\n<h2 class=\"wp-block-heading\">SUMA Management Consulting GmbH<\/h2>\n\n\n\n<p>SUMA offers a complete range of consulting and implementation services in an absolutely specific area &#8211; aftersales in the automotive industry &#8211; in order to provide comprehensive consulting and implementation from a single source.<\/p>\n\n\n\n<ul class=\"wp-block-list\">\n<li>Training courses<\/li>\n\n\n\n<li>Management consultancy<\/li>\n\n\n\n<li>Management<\/li>\n\n\n\n<li>Analyzes<\/li>\n<\/ul>\n\n\n\n<p><strong>www.suma-kemper.de<\/strong><\/p>\n<\/div>\n<\/div>\n\n\n\n<div style=\"height:44px\" aria-hidden=\"true\" class=\"wp-block-spacer\"><\/div>\n\n\n\n<div class=\"wp-block-columns atbcard_frame white is-layout-flex wp-container-core-columns-is-layout-9d6595d7 wp-block-columns-is-layout-flex\" id=\"ilse\">\n<div class=\"wp-block-column is-vertically-aligned-center is-layout-flow wp-block-column-is-layout-flow\" style=\"flex-basis:25%\"><div class=\"wp-block-image\">\n<figure class=\"aligncenter size-full is-resized\"><img decoding=\"async\" width=\"186\" height=\"427\" src=\"\/wp-content\/uploads\/2025\/05\/partner_ilse.png\" alt=\"\" class=\"wp-image-100010386\" style=\"width:auto;height:180px\" srcset=\"\/wp-content\/uploads\/2025\/05\/partner_ilse.png 186w, \/wp-content\/uploads\/2025\/05\/partner_ilse-131x300.png 131w\" sizes=\"(max-width: 186px) 100vw, 186px\" \/><\/figure>\n<\/div><\/div>\n\n\n\n<div class=\"wp-block-column is-vertically-aligned-top is-layout-flow wp-block-column-is-layout-flow\" style=\"flex-basis:75%\">\n<h2 class=\"wp-block-heading\">ILSE Software GmbH &amp; Co KG<\/h2>\n\n\n\n<p>ILSE Software GmbH &amp; Co KG is a software development company with many years of experience in IT customer projects. They develop the ILSE software of the same name with a focus on wheel management and warehouse management, which is linked to ATBAS software. <\/p>\n\n\n\n<ul class=\"wp-block-list\">\n<li>Wheel management<\/li>\n\n\n\n<li>Warehouse management<\/li>\n\n\n\n<li>Competence in customer software projects<\/li>\n<\/ul>\n\n\n\n<p><strong>www.ilse-software.de<\/strong><\/p>\n<\/div>\n<\/div>\n\n\n\n<div style=\"height:44px\" aria-hidden=\"true\" class=\"wp-block-spacer\"><\/div>\n\n\n\n<div class=\"wp-block-columns atbcard_frame white is-layout-flex wp-container-core-columns-is-layout-9d6595d7 wp-block-columns-is-layout-flex\" id=\"sdnord\">\n<div class=\"wp-block-column is-vertically-aligned-center is-layout-flow wp-block-column-is-layout-flow\" style=\"flex-basis:25%\">\n<figure class=\"wp-block-image size-full\"><img decoding=\"async\" width=\"484\" height=\"219\" src=\"\/wp-content\/uploads\/2025\/05\/partner_sdnord.png\" alt=\"\" class=\"wp-image-100010387\" srcset=\"\/wp-content\/uploads\/2025\/05\/partner_sdnord.png 484w, \/wp-content\/uploads\/2025\/05\/partner_sdnord-300x136.png 300w\" sizes=\"(max-width: 484px) 100vw, 484px\" \/><\/figure>\n<\/div>\n\n\n\n<div class=\"wp-block-column is-vertically-aligned-top is-layout-flow wp-block-column-is-layout-flow\" style=\"flex-basis:75%\">\n<h2 class=\"wp-block-heading\">sdnord Systems &amp; Services GmbH<\/h2>\n\n\n\n<p>SDNord develops systems and solutions for the B2B sector using modern technology and taking into account software quality criteria. This includes the RELA interface, the tire storage software, which is linked to ATBAS software. <\/p>\n\n\n\n<ul class=\"wp-block-list\">\n<li>B2B software solutions<\/li>\n\n\n\n<li>Wheel storage software<\/li>\n<\/ul>\n\n\n\n<p><strong>www.sdnord.de<\/strong><\/p>\n<\/div>\n<\/div>\n\n\n\n<div style=\"height:44px\" aria-hidden=\"true\" class=\"wp-block-spacer\"><\/div>\n\n\n\n<div class=\"wp-block-columns atbcard_frame white is-layout-flex wp-container-core-columns-is-layout-9d6595d7 wp-block-columns-is-layout-flex\" id=\"softnrg\">\n<div class=\"wp-block-column is-vertically-aligned-center is-layout-flow wp-block-column-is-layout-flow\" style=\"flex-basis:25%\">\n<figure class=\"wp-block-image size-full\"><img decoding=\"async\" width=\"434\" height=\"111\" src=\"\/wp-content\/uploads\/2025\/05\/partner_softnrg.png\" alt=\"\" class=\"wp-image-100010382\" srcset=\"\/wp-content\/uploads\/2025\/05\/partner_softnrg.png 434w, \/wp-content\/uploads\/2025\/05\/partner_softnrg-300x77.png 300w\" sizes=\"(max-width: 434px) 100vw, 434px\" \/><\/figure>\n<\/div>\n\n\n\n<div class=\"wp-block-column is-vertically-aligned-top is-layout-flow wp-block-column-is-layout-flow\" style=\"flex-basis:75%\">\n<h2 class=\"wp-block-heading\">soft-nrg Development GmbH<\/h2>\n\n\n\n<p>soft-nrg Development GmbH is a provider of modular car dealership software worldwide for integration into existing IT structures and ensures compatibility with various interfaces, such as the ATBAS interface.<\/p>\n\n\n\n<ul class=\"wp-block-list\">\n<li>Modular software development<\/li>\n\n\n\n<li>Advice &amp; training<\/li>\n<\/ul>\n\n\n\n<p><strong>www.soft-nrg.de<\/strong><\/p>\n<\/div>\n<\/div>\n\n\n\n<div style=\"height:100px\" aria-hidden=\"true\" class=\"wp-block-spacer\"><\/div>\n\n\n\n<div class=\"wp-block-columns atbcard_frame white is-layout-flex wp-container-core-columns-is-layout-9d6595d7 wp-block-columns-is-layout-flex\" id=\"tagodi\">\n<div class=\"wp-block-column is-vertically-aligned-center is-layout-flow wp-block-column-is-layout-flow\" style=\"flex-basis:25%\">\n<figure class=\"wp-block-image size-full\"><img decoding=\"async\" width=\"463\" height=\"164\" src=\"\/wp-content\/uploads\/2025\/05\/partner_tagodi.png\" alt=\"\" class=\"wp-image-100010389\" srcset=\"\/wp-content\/uploads\/2025\/05\/partner_tagodi.png 463w, \/wp-content\/uploads\/2025\/05\/partner_tagodi-300x106.png 300w\" sizes=\"(max-width: 463px) 100vw, 463px\" \/><\/figure>\n<\/div>\n\n\n\n<div class=\"wp-block-column is-layout-flow wp-block-column-is-layout-flow\" style=\"flex-basis:75%\">\n<h2 class=\"wp-block-heading\">tagodi Business<\/h2>\n\n\n\n<p>Your ace up your sleeve and partner for ATBAS customers if you want to make personnel decisions safely. We work for you when you need to certify gut feelings. You need to hire the &#8216;right people&#8217; and fill positions with the right fit. Tagodi protects you from bad personnel investments.     <\/p>\n\n\n\n<ul class=\"wp-block-list\">\n<li>TalentCheck<\/li>\n\n\n\n<li>TalentMatching<\/li>\n\n\n\n<li>Talent management<\/li>\n\n\n\n<li>TeamCheck &amp; TeamDesign<\/li>\n<\/ul>\n\n\n\n<p><strong>www.tagodi.com<\/strong><\/p>\n<\/div>\n<\/div>\n\n\n\n<div style=\"height:44px\" aria-hidden=\"true\" class=\"wp-block-spacer\"><\/div>\n\n\n\n<div class=\"wp-block-group atbcard c2a rainbow wide\"><div class=\"wp-block-group__inner-container is-layout-constrained wp-block-group-is-layout-constrained\">\n<h2 class=\"wp-block-heading has-base-3-color has-text-color has-link-color has-x-large-font-size wp-elements-880830a730e0f98fbd1e386064b23e61\"><img decoding=\"async\" width=\"36\" height=\"37\" class=\"wp-image-100008868\" style=\"width: 36px;\" src=\"\/wp-content\/uploads\/2025\/03\/icon_tel.png\" alt=\"\" srcset=\"\/wp-content\/uploads\/2025\/03\/icon_tel.png 432w, \/wp-content\/uploads\/2025\/03\/icon_tel-289x300.png 289w, \/wp-content\/uploads\/2025\/03\/icon_tel-150x150.png 150w\" sizes=\"(max-width: 36px) 100vw, 36px\" \/>   Haben wir Ihr Interesse geweckt?<\/h2>\n\n\n\n<p><strong>Konnten wir Sie schon \u00fcberzeugen oder haben Sie noch Fragen? Vereinbaren Sie einfach ein Beratungsgespr\u00e4ch oder R\u00fcckruf &#8211; kostenfrei nat\u00fcrlich.<\/strong><\/p>\n\n\n\n<div class=\"wp-block-contact-form-7-contact-form-selector\">\n<div class=\"wpcf7 no-js\" id=\"wpcf7-f100008847-o1\" lang=\"de-DE\" dir=\"ltr\" data-wpcf7-id=\"100008847\">\n<div class=\"screen-reader-response\"><p role=\"status\" aria-live=\"polite\" aria-atomic=\"true\"><\/p> <ul><\/ul><\/div>\n<form action=\"\/en\/wp-json\/wp\/v2\/pages\/100013163#wpcf7-f100008847-o1\" method=\"post\" class=\"wpcf7-form init wpcf7-acceptance-as-validation\" aria-label=\"Kontaktformular\" novalidate=\"novalidate\" data-status=\"init\">\n<fieldset class=\"hidden-fields-container\"><input type=\"hidden\" name=\"_wpcf7\" value=\"100008847\" \/><input type=\"hidden\" name=\"_wpcf7_version\" value=\"6.1.5\" \/><input type=\"hidden\" name=\"_wpcf7_locale\" value=\"de_DE\" \/><input type=\"hidden\" name=\"_wpcf7_unit_tag\" value=\"wpcf7-f100008847-o1\" \/><input type=\"hidden\" name=\"_wpcf7_container_post\" value=\"0\" \/><input type=\"hidden\" name=\"_wpcf7_posted_data_hash\" value=\"\" \/><input type=\"hidden\" name=\"_wpcf7cf_hidden_group_fields\" value=\"[]\" \/><input type=\"hidden\" name=\"_wpcf7cf_hidden_groups\" value=\"[]\" \/><input type=\"hidden\" name=\"_wpcf7cf_visible_groups\" value=\"[]\" \/><input type=\"hidden\" name=\"_wpcf7cf_repeaters\" value=\"[]\" \/><input type=\"hidden\" name=\"_wpcf7cf_steps\" value=\"{}\" \/><input type=\"hidden\" name=\"_wpcf7cf_options\" value=\"{&quot;form_id&quot;:100008847,&quot;conditions&quot;:[{&quot;then_field&quot;:&quot;group-tel&quot;,&quot;and_rules&quot;:[{&quot;if_field&quot;:&quot;toggle-1&quot;,&quot;operator&quot;:&quot;equals&quot;,&quot;if_value&quot;:&quot;R\\u00fcckruf anzeigen&quot;}]},{&quot;then_field&quot;:&quot;group-mast&quot;,&quot;and_rules&quot;:[{&quot;if_field&quot;:&quot;toggle-1&quot;,&quot;operator&quot;:&quot;equals&quot;,&quot;if_value&quot;:&quot;R\\u00fcckruf erhalten&quot;}]}],&quot;settings&quot;:{&quot;animation&quot;:&quot;yes&quot;,&quot;animation_intime&quot;:&quot;200&quot;,&quot;animation_outtime&quot;:&quot;200&quot;,&quot;conditions_ui&quot;:&quot;normal&quot;,&quot;notice_dismissed&quot;:&quot;true&quot;,&quot;repeater_remove_button&quot;:&quot;bottom&quot;,&quot;regex_numeric&quot;:&quot;^[0-9]+$&quot;,&quot;regex_alphabetic&quot;:&quot;^[a-zA-Z]+$&quot;,&quot;regex_alphanumeric&quot;:&quot;^[a-zA-Z0-9]+$&quot;,&quot;regex_date&quot;:&quot;^(0?[1-9]|1[012])[- .](0?[1-9]|[12][0-9]|3[01])[- \\\/.](19|20)?[0-9]{2}$&quot;,&quot;regex_email&quot;:&quot;^[a-zA-Z0-9._%-]+@[a-zA-Z0-9.-]+.[a-zA-Z]{2,4}$&quot;,&quot;regex_numeric_label&quot;:&quot;numeric&quot;,&quot;regex_alphabetic_label&quot;:&quot;alphabetic&quot;,&quot;regex_alphanumeric_label&quot;:&quot;alphanumeric&quot;,&quot;regex_date_label&quot;:&quot;date&quot;,&quot;regex_email_label&quot;:&quot;email&quot;,&quot;regex_custom_1&quot;:&quot;&quot;,&quot;regex_custom_2&quot;:&quot;&quot;,&quot;regex_custom_3&quot;:&quot;&quot;,&quot;regex_custom_4&quot;:&quot;&quot;,&quot;regex_custom_5&quot;:&quot;&quot;,&quot;regex_custom_1_label&quot;:&quot;custom 1&quot;,&quot;regex_custom_2_label&quot;:&quot;custom 2&quot;,&quot;regex_custom_3_label&quot;:&quot;custom 3&quot;,&quot;regex_custom_4_label&quot;:&quot;custom 4&quot;,&quot;regex_custom_5_label&quot;:&quot;custom 5&quot;,&quot;notice_dismissed_rollback-cf7-6.1.1&quot;:true,&quot;notice_dismissed_rollback-cf7-6.1.3&quot;:true,&quot;notice_dismissed_rollback-cf7-6.1.4&quot;:true}}\" \/>\n<\/fieldset>\n<div data-id=\"group-mast\" data-orig_data_id=\"group-mast\" data-disable_on_hide class=\"\" data-class=\"wpcf7cf_group\">\n\t<p><a class=\"callback_button\" href=\"\/beratung\/?mtm_campaign=lead_contact&mtm_source=website&mtm_content=bottom_primary_consulting\"><strong>Beratungstermin vereinbaren<\/strong><\/a>&nbsp;&nbsp;&nbsp;oder&nbsp;&nbsp;&nbsp;<button class=\"wpcf7-form-control wpcf7-togglebutton wpcf7cf-togglebutton\" type=\"button\" name=\"toggle-1\" data-val-1=\"R\u00fcckruf erhalten\" data-val-2=\"R\u00fcckruf anzeigen\" value=\"R\u00fcckruf erhalten\">R\u00fcckruf erhalten<\/button>\n\t<\/p>\n<\/div>\n<div data-id=\"group-tel\" data-orig_data_id=\"group-tel\" data-clear_on_hide data-disable_on_hide class=\"\" data-class=\"wpcf7cf_group\">\n\t<div class=\"flex-callback\">\n\t\t<div class=\"flex-item\">\n\t\t\t<p><label> <strong>Ihr Name<\/strong> <span class=\"wpcf7-form-control-wrap\" data-name=\"your-name\"><input size=\"40\" maxlength=\"400\" class=\"wpcf7-form-control wpcf7-text wpcf7-validates-as-required\" aria-required=\"true\" aria-invalid=\"false\" value=\"\" type=\"text\" name=\"your-name\" \/><\/span> <\/label>\n\t\t\t<\/p>\n\t\t<\/div>\n\t\t<div class=\"flex-item\">\n\t\t\t<p><label> <strong>Ihre Telefonnummer<\/strong> <span class=\"wpcf7-form-control-wrap\" data-name=\"your-tel\"><input size=\"40\" maxlength=\"400\" class=\"wpcf7-form-control wpcf7-text wpcf7-validates-as-required\" aria-required=\"true\" aria-invalid=\"false\" value=\"\" type=\"text\" name=\"your-tel\" \/><\/span> <\/label>\n\t\t\t<\/p>\n\t\t<\/div>\n\t\t<p><span id=\"wpcf7-69fddba82c1bd-wrapper\" class=\"wpcf7-form-control-wrap hp-field-297-wrap\" style=\"display:none !important; visibility:hidden !important;\"><input type=\"hidden\" name=\"hp-field-297-time-start\" value=\"1778244520\"><input type=\"hidden\" name=\"hp-field-297-time-check\" value=\"4\"><label for=\"wpcf7-69fddba82c1bd-field\" class=\"hp-message\">Bitte lasse dieses Feld leer.<\/label><input id=\"wpcf7-69fddba82c1bd-field\"  class=\"wpcf7-form-control wpcf7-text\" type=\"text\" name=\"hp-field-297\" value=\"\" size=\"40\" tabindex=\"-1\" autocomplete=\"off\" \/><\/span>\n\t\t<\/p>\n\t\t<div class=\"flex-item\">\n\t\t\t<p><input class=\"wpcf7-form-control wpcf7-submit has-spinner\" type=\"submit\" value=\"R\u00fcckruf anfordern\" \/>\n\t\t\t<\/p>\n\t\t<\/div>\n\t<\/div>\n\t<div>\n\t\t<p><span class=\"wpcf7-form-control-wrap\" data-name=\"acceptance-731\"><span class=\"wpcf7-form-control wpcf7-acceptance\"><span class=\"wpcf7-list-item\"><label><input type=\"checkbox\" name=\"acceptance-731\" value=\"1\" aria-invalid=\"false\" \/><span class=\"wpcf7-list-item-label\">Ich stimme den <a href=\"\/datenschutz\/\" target=\"_blank\" style=\"color: #fff; text-decoration: underline;\">Datenschutzbedingungen<\/a> zu<\/span><\/label><\/span><\/span><\/span>\n\t\t<\/p>\n\t<\/div>\n<\/div><div class=\"wpcf7-response-output\" aria-hidden=\"true\"><\/div>\n<\/form>\n<\/div>\n<\/div>\n\n\n\n<div style=\"height:10px\" aria-hidden=\"true\" class=\"wp-block-spacer\"><\/div>\n<\/div><\/div>\n\n\n\n<a href=\"\/kontakt\/\" class=\"float-button\" title=\"Zum Kontaktformular\">\n<\/a>\n","protected":false},"excerpt":{"rendered":"<p>ATBAS not only looks back on a long history of success, but also on many valuable partners: 4JET Group 4JET develops innovative laser systems for cleaning, structuring, marking, cutting and modifying materials in order to achieve high-quality component surfaces that enable the best product quality. By combining laser process technology, optics, image processing, automation and &#8230; <a title=\"Partner\" class=\"read-more\" href=\"https:\/\/atbas.de\/en\/partner\/\" aria-label=\"Read more about Partner\">Read more<\/a><\/p>\n","protected":false},"author":2,"featured_media":0,"parent":0,"menu_order":0,"comment_status":"closed","ping_status":"closed","template":"","meta":{"footnotes":""},"class_list":["post-100013163","page","type-page","status-publish"],"_links":{"self":[{"href":"https:\/\/atbas.de\/en\/wp-json\/wp\/v2\/pages\/100013163","targetHints":{"allow":["GET"]}}],"collection":[{"href":"https:\/\/atbas.de\/en\/wp-json\/wp\/v2\/pages"}],"about":[{"href":"https:\/\/atbas.de\/en\/wp-json\/wp\/v2\/types\/page"}],"author":[{"embeddable":true,"href":"https:\/\/atbas.de\/en\/wp-json\/wp\/v2\/users\/2"}],"replies":[{"embeddable":true,"href":"https:\/\/atbas.de\/en\/wp-json\/wp\/v2\/comments?post=100013163"}],"version-history":[{"count":1,"href":"https:\/\/atbas.de\/en\/wp-json\/wp\/v2\/pages\/100013163\/revisions"}],"predecessor-version":[{"id":100013165,"href":"https:\/\/atbas.de\/en\/wp-json\/wp\/v2\/pages\/100013163\/revisions\/100013165"}],"wp:attachment":[{"href":"https:\/\/atbas.de\/en\/wp-json\/wp\/v2\/media?parent=100013163"}],"curies":[{"name":"wp","href":"https:\/\/api.w.org\/{rel}","templated":true}]}}