{"id":100013327,"date":"2025-04-23T14:03:34","date_gmt":"2025-04-23T13:03:34","guid":{"rendered":"https:\/\/www.atbas.de\/atbas-depot-4wheels\/"},"modified":"2026-02-16T13:15:33","modified_gmt":"2026-02-16T12:15:33","slug":"atbas-depot-4wheels","status":"publish","type":"page","link":"https:\/\/atbas.de\/en\/atbas-depot-4wheels\/","title":{"rendered":"ATBAS DEPOT + 4Wheels"},"content":{"rendered":"\n<a href=\"\/kontakt\/\" class=\"float-button\" title=\"Zum Kontaktformular\">\n<\/a>\n\n\n\n<div class=\"wp-block-group atbcard_zero has-background\" style=\"background:linear-gradient(135deg,rgb(236,243,243) 0%,rgb(199,212,230) 100%)\"><div class=\"wp-block-group__inner-container is-layout-constrained wp-block-group-is-layout-constrained\"><div class=\"wp-block-image\">\n<figure class=\"aligncenter size-full is-resized\"><img decoding=\"async\" width=\"1402\" height=\"400\" src=\"\/wp-content\/uploads\/2025\/04\/atbas_depot_mit_4wheels.png\" alt=\"\" class=\"wp-image-100010097\" style=\"width:512px\" srcset=\"\/wp-content\/uploads\/2025\/04\/atbas_depot_mit_4wheels.png 1402w, \/wp-content\/uploads\/2025\/04\/atbas_depot_mit_4wheels-300x86.png 300w, \/wp-content\/uploads\/2025\/04\/atbas_depot_mit_4wheels-1024x292.png 1024w, \/wp-content\/uploads\/2025\/04\/atbas_depot_mit_4wheels-768x219.png 768w\" sizes=\"(max-width: 1402px) 100vw, 1402px\" \/><\/figure>\n<\/div>\n\n\n<div style=\"height:44px\" aria-hidden=\"true\" class=\"wp-block-spacer\"><\/div>\n\n\n\n<h1 class=\"wp-block-heading has-text-align-center\"><strong>ATBAS DEPOT + 4Wheels<\/strong><\/h1>\n<\/div><\/div>\n\n\n\n<div style=\"height:100px\" aria-hidden=\"true\" class=\"wp-block-spacer\"><\/div>\n\n\n\n<p class=\"has-text-align-center\">The interface combines the advantages of the highly efficient ATBAS DEPOT wheel management system with the professional services of 4WHEELS. The interface turns ATBAS DEPOT into a fully-fledged, convenient and easy-to-use front end for 4WHEELS and can replace IRIS 100% &#8211; for stress-free and efficient 4WHEELS storage! <\/p>\n\n\n\n<div style=\"height:120px\" aria-hidden=\"true\" class=\"wp-block-spacer\"><\/div>\n\n\n\n<div class=\"wp-block-group atbanner is-layout-grid wp-container-core-group-is-layout-e7c6ae50 wp-block-group-is-layout-grid\">\n<div class=\"wp-block-cover\"><img decoding=\"async\" width=\"800\" height=\"547\" class=\"wp-block-cover__image-background wp-image-100009316\" alt=\"\" src=\"\/wp-content\/uploads\/2025\/04\/atbas_druck.webp\" data-object-fit=\"cover\" srcset=\"\/wp-content\/uploads\/2025\/04\/atbas_druck.webp 800w, \/wp-content\/uploads\/2025\/04\/atbas_druck-300x205.webp 300w, \/wp-content\/uploads\/2025\/04\/atbas_druck-768x525.webp 768w\" sizes=\"(max-width: 800px) 100vw, 800px\" \/><span aria-hidden=\"true\" class=\"wp-block-cover__background has-background-dim-0 has-background-dim\"><\/span><div class=\"wp-block-cover__inner-container is-layout-flow wp-block-cover-is-layout-flow\">\n<p class=\"has-text-align-center has-large-font-size\"><\/p>\n<\/div><\/div>\n\n\n\n<div class=\"wp-block-group\"><div class=\"wp-block-group__inner-container is-layout-constrained wp-block-group-is-layout-constrained\">\n<h2 class=\"wp-block-heading\"><strong>Save time<\/strong><\/h2>\n\n\n\n<p><strong>Save time with the fastest 4WHEELS storage system<\/strong><\/p>\n\n\n\n<div style=\"height:24px\" aria-hidden=\"true\" class=\"wp-block-spacer\"><\/div>\n\n\n\n<ul class=\"wp-block-list\">\n<li>Professional storage and retrieval of wheels in record time using barcode scanners and labels<\/li>\n\n\n\n<li>Comparison of customer, vehicle and wheel data with 4WHEELS<\/li>\n\n\n\n<li>Online ordering of empty mobile shelving directly from ATBAS DEPOT<\/li>\n\n\n\n<li>Automatic printing of wheel labels and storage slip<\/li>\n\n\n\n<li>Quick registration of mobile shelving units for collection<\/li>\n<\/ul>\n<\/div><\/div>\n<\/div>\n\n\n\n<div style=\"height:100px\" aria-hidden=\"true\" class=\"wp-block-spacer\"><\/div>\n\n\n\n<div class=\"wp-block-group atbanner is-layout-grid wp-container-core-group-is-layout-e7c6ae50 wp-block-group-is-layout-grid\">\n<div class=\"wp-block-cover\"><img decoding=\"async\" width=\"1024\" height=\"682\" class=\"wp-block-cover__image-background wp-image-100009315\" alt=\"\" src=\"\/wp-content\/uploads\/2025\/04\/rela2.webp\" data-object-fit=\"cover\" srcset=\"\/wp-content\/uploads\/2025\/04\/rela2.webp 1024w, \/wp-content\/uploads\/2025\/04\/rela2-300x200.webp 300w, \/wp-content\/uploads\/2025\/04\/rela2-768x512.webp 768w\" sizes=\"(max-width: 1024px) 100vw, 1024px\" \/><span aria-hidden=\"true\" class=\"wp-block-cover__background has-background-dim-0 has-background-dim\"><\/span><div class=\"wp-block-cover__inner-container is-layout-flow wp-block-cover-is-layout-flow\">\n<p class=\"has-text-align-center has-large-font-size\"><\/p>\n<\/div><\/div>\n\n\n\n<div class=\"wp-block-group\"><div class=\"wp-block-group__inner-container is-layout-constrained wp-block-group-is-layout-constrained\">\n<h2 class=\"wp-block-heading\"><strong>Secure and fully traceable<\/strong><\/h2>\n\n\n\n<p>Maximum safety and full control in the wheel change process<\/p>\n\n\n\n<div style=\"height:24px\" aria-hidden=\"true\" class=\"wp-block-spacer\"><\/div>\n\n\n\n<p>The interface creates a storage process that not only saves time by automating routine tasks, but also ensures greater safety in the individual process steps. The use of different colored labels further reduces the risk of confusion between tires that have been removed and those that are to be mounted! <\/p>\n\n\n\n<div style=\"height:24px\" aria-hidden=\"true\" class=\"wp-block-spacer\"><\/div>\n\n\n\n<ul class=\"wp-block-list\">\n<li>Recording of all wheel sets by scanner in each process step<\/li>\n\n\n\n<li>Complete traceability of every wheelset<\/li>\n\n\n\n<li>Online control of the storage status at 4WHEELS via real-time display<\/li>\n<\/ul>\n<\/div><\/div>\n<\/div>\n\n\n\n<div style=\"height:100px\" aria-hidden=\"true\" class=\"wp-block-spacer\"><\/div>\n\n\n\n<div class=\"wp-block-group atbanner is-layout-grid wp-container-core-group-is-layout-e7c6ae50 wp-block-group-is-layout-grid\">\n<div class=\"wp-block-cover\"><img decoding=\"async\" width=\"800\" height=\"547\" class=\"wp-block-cover__image-background wp-image-100010092 size-full\" alt=\"\" src=\"\/wp-content\/uploads\/2025\/04\/DSC_7740.jpg\" data-object-fit=\"cover\" srcset=\"\/wp-content\/uploads\/2025\/04\/DSC_7740.jpg 800w, \/wp-content\/uploads\/2025\/04\/DSC_7740-300x205.jpg 300w, \/wp-content\/uploads\/2025\/04\/DSC_7740-768x525.jpg 768w\" sizes=\"(max-width: 800px) 100vw, 800px\" \/><span aria-hidden=\"true\" class=\"wp-block-cover__background has-background-dim-0 has-background-dim\"><\/span><div class=\"wp-block-cover__inner-container is-layout-flow wp-block-cover-is-layout-flow\">\n<p class=\"has-text-align-center has-large-font-size\"><\/p>\n<\/div><\/div>\n\n\n\n<div class=\"wp-block-group\"><div class=\"wp-block-group__inner-container is-layout-constrained wp-block-group-is-layout-constrained\">\n<h2 class=\"wp-block-heading\"><strong>Flexible and individually tailored<\/strong><\/h2>\n\n\n\n<p>For fast data availability and maximum data quality, tread depths and damage can also be recorded at the dealership. The automatic transfer of data to ATBAS DEPOT for the Wheel Inspection and Wheel Inspection Plus service types makes work even easier. All 4WHEELS service types are supported by ATBAS.  <\/p>\n\n\n\n<div style=\"height:24px\" aria-hidden=\"true\" class=\"wp-block-spacer\"><\/div>\n\n\n\n<ul class=\"wp-block-list\">\n<li>Fast data availability and highest data quality<\/li>\n\n\n\n<li>Perfect illustration of mixed storage of wheels in our own wheel warehouse and 4WHEELS for maximum flexibility<\/li>\n<\/ul>\n<\/div><\/div>\n<\/div>\n\n\n\n<div style=\"height:100px\" aria-hidden=\"true\" class=\"wp-block-spacer\"><\/div>\n\n\n\n<div class=\"wp-block-group atbanner is-layout-grid wp-container-core-group-is-layout-e7c6ae50 wp-block-group-is-layout-grid\">\n<div class=\"wp-block-cover\"><img decoding=\"async\" width=\"800\" height=\"547\" class=\"wp-block-cover__image-background wp-image-100010091 size-full\" alt=\"\" src=\"\/wp-content\/uploads\/2025\/04\/DSC_7724.jpg\" data-object-fit=\"cover\" srcset=\"\/wp-content\/uploads\/2025\/04\/DSC_7724.jpg 800w, \/wp-content\/uploads\/2025\/04\/DSC_7724-300x205.jpg 300w, \/wp-content\/uploads\/2025\/04\/DSC_7724-768x525.jpg 768w\" sizes=\"(max-width: 800px) 100vw, 800px\" \/><span aria-hidden=\"true\" class=\"wp-block-cover__background has-background-dim-0 has-background-dim\"><\/span><div class=\"wp-block-cover__inner-container is-layout-flow wp-block-cover-is-layout-flow\">\n<p class=\"has-text-align-center has-large-font-size\"><\/p>\n<\/div><\/div>\n\n\n\n<div class=\"wp-block-group\"><div class=\"wp-block-group__inner-container is-layout-constrained wp-block-group-is-layout-constrained\">\n<h2 class=\"wp-block-heading\"><strong>The tire sales tool<\/strong><\/h2>\n\n\n\n<p>All tools for tire sales are already built into ATBAS DEPOT. With just a few mouse clicks, you can create evaluations and statistics on worn and damaged tires. With another click of the mouse, you can create new offers for your customers. A function for professional tracking of the offer is also built in. This way, you will never miss out on a tire deal again!    <\/p>\n\n\n\n<div style=\"height:24px\" aria-hidden=\"true\" class=\"wp-block-spacer\"><\/div>\n\n\n\n<ul class=\"wp-block-list\">\n<li>Export of customer data for telephone lists or serial letters for worn, damaged or too old tires<\/li>\n\n\n\n<li>More tires sold thanks to systematic offer tracking with reminder function<\/li>\n<\/ul>\n<\/div><\/div>\n<\/div>\n\n\n\n<div style=\"height:100px\" aria-hidden=\"true\" class=\"wp-block-spacer\"><\/div>\n\n\n\n<div class=\"wp-block-group atbcard c2a rainbow wide\"><div class=\"wp-block-group__inner-container is-layout-constrained wp-block-group-is-layout-constrained\">\n<h2 class=\"wp-block-heading has-base-3-color has-text-color has-link-color has-x-large-font-size wp-elements-880830a730e0f98fbd1e386064b23e61\"><img decoding=\"async\" width=\"36\" height=\"37\" class=\"wp-image-100008868\" style=\"width: 36px;\" src=\"\/wp-content\/uploads\/2025\/03\/icon_tel.png\" alt=\"\" srcset=\"\/wp-content\/uploads\/2025\/03\/icon_tel.png 432w, \/wp-content\/uploads\/2025\/03\/icon_tel-289x300.png 289w, \/wp-content\/uploads\/2025\/03\/icon_tel-150x150.png 150w\" sizes=\"(max-width: 36px) 100vw, 36px\" \/>   Haben wir Ihr Interesse geweckt?<\/h2>\n\n\n\n<p><strong>Konnten wir Sie schon \u00fcberzeugen oder haben Sie noch Fragen? Vereinbaren Sie einfach ein Beratungsgespr\u00e4ch oder R\u00fcckruf &#8211; kostenfrei nat\u00fcrlich.<\/strong><\/p>\n\n\n\n<div class=\"wp-block-contact-form-7-contact-form-selector\">\n<div class=\"wpcf7 no-js\" id=\"wpcf7-f100008847-o1\" lang=\"de-DE\" dir=\"ltr\" data-wpcf7-id=\"100008847\">\n<div class=\"screen-reader-response\"><p role=\"status\" aria-live=\"polite\" aria-atomic=\"true\"><\/p> <ul><\/ul><\/div>\n<form action=\"\/en\/wp-json\/wp\/v2\/pages\/100013327#wpcf7-f100008847-o1\" method=\"post\" class=\"wpcf7-form init wpcf7-acceptance-as-validation\" aria-label=\"Kontaktformular\" novalidate=\"novalidate\" data-status=\"init\">\n<fieldset class=\"hidden-fields-container\"><input type=\"hidden\" name=\"_wpcf7\" value=\"100008847\" \/><input type=\"hidden\" name=\"_wpcf7_version\" value=\"6.1.5\" \/><input type=\"hidden\" name=\"_wpcf7_locale\" value=\"de_DE\" \/><input type=\"hidden\" name=\"_wpcf7_unit_tag\" value=\"wpcf7-f100008847-o1\" \/><input type=\"hidden\" name=\"_wpcf7_container_post\" value=\"0\" \/><input type=\"hidden\" name=\"_wpcf7_posted_data_hash\" value=\"\" \/><input type=\"hidden\" name=\"_wpcf7cf_hidden_group_fields\" value=\"[]\" \/><input type=\"hidden\" name=\"_wpcf7cf_hidden_groups\" value=\"[]\" \/><input type=\"hidden\" name=\"_wpcf7cf_visible_groups\" value=\"[]\" \/><input type=\"hidden\" name=\"_wpcf7cf_repeaters\" value=\"[]\" \/><input type=\"hidden\" name=\"_wpcf7cf_steps\" value=\"{}\" \/><input type=\"hidden\" name=\"_wpcf7cf_options\" value=\"{&quot;form_id&quot;:100008847,&quot;conditions&quot;:[{&quot;then_field&quot;:&quot;group-tel&quot;,&quot;and_rules&quot;:[{&quot;if_field&quot;:&quot;toggle-1&quot;,&quot;operator&quot;:&quot;equals&quot;,&quot;if_value&quot;:&quot;R\\u00fcckruf anzeigen&quot;}]},{&quot;then_field&quot;:&quot;group-mast&quot;,&quot;and_rules&quot;:[{&quot;if_field&quot;:&quot;toggle-1&quot;,&quot;operator&quot;:&quot;equals&quot;,&quot;if_value&quot;:&quot;R\\u00fcckruf erhalten&quot;}]}],&quot;settings&quot;:{&quot;animation&quot;:&quot;yes&quot;,&quot;animation_intime&quot;:&quot;200&quot;,&quot;animation_outtime&quot;:&quot;200&quot;,&quot;conditions_ui&quot;:&quot;normal&quot;,&quot;notice_dismissed&quot;:&quot;true&quot;,&quot;regex_numeric&quot;:&quot;^[0-9]+$&quot;,&quot;regex_alphabetic&quot;:&quot;^[a-zA-Z]+$&quot;,&quot;regex_alphanumeric&quot;:&quot;^[a-zA-Z0-9]+$&quot;,&quot;regex_date&quot;:&quot;^(0?[1-9]|1[012])[- .](0?[1-9]|[12][0-9]|3[01])[- \\\/.](19|20)?[0-9]{2}$&quot;,&quot;regex_email&quot;:&quot;^[a-zA-Z0-9._%-]+@[a-zA-Z0-9.-]+.[a-zA-Z]{2,4}$&quot;,&quot;regex_numeric_label&quot;:&quot;numeric&quot;,&quot;regex_alphabetic_label&quot;:&quot;alphabetic&quot;,&quot;regex_alphanumeric_label&quot;:&quot;alphanumeric&quot;,&quot;regex_date_label&quot;:&quot;date&quot;,&quot;regex_email_label&quot;:&quot;email&quot;,&quot;regex_custom_1&quot;:&quot;&quot;,&quot;regex_custom_2&quot;:&quot;&quot;,&quot;regex_custom_3&quot;:&quot;&quot;,&quot;regex_custom_4&quot;:&quot;&quot;,&quot;regex_custom_5&quot;:&quot;&quot;,&quot;regex_custom_1_label&quot;:&quot;custom 1&quot;,&quot;regex_custom_2_label&quot;:&quot;custom 2&quot;,&quot;regex_custom_3_label&quot;:&quot;custom 3&quot;,&quot;regex_custom_4_label&quot;:&quot;custom 4&quot;,&quot;regex_custom_5_label&quot;:&quot;custom 5&quot;,&quot;notice_dismissed_rollback-cf7-6.1.1&quot;:true,&quot;notice_dismissed_rollback-cf7-6.1.3&quot;:true,&quot;notice_dismissed_rollback-cf7-6.1.4&quot;:true}}\" \/>\n<\/fieldset>\n<div data-id=\"group-mast\" data-orig_data_id=\"group-mast\" data-disable_on_hide class=\"\" data-class=\"wpcf7cf_group\">\n\t<p><a class=\"callback_button\" href=\"\/beratung\/?mtm_campaign=lead_contact&mtm_source=website&mtm_content=bottom_primary_consulting\"><strong>Beratungstermin vereinbaren<\/strong><\/a>&nbsp;&nbsp;&nbsp;oder&nbsp;&nbsp;&nbsp;<button class=\"wpcf7-form-control wpcf7-togglebutton wpcf7cf-togglebutton\" type=\"button\" name=\"toggle-1\" data-val-1=\"R\u00fcckruf erhalten\" data-val-2=\"R\u00fcckruf anzeigen\" value=\"R\u00fcckruf erhalten\">R\u00fcckruf erhalten<\/button>\n\t<\/p>\n<\/div>\n<div data-id=\"group-tel\" data-orig_data_id=\"group-tel\" data-clear_on_hide data-disable_on_hide class=\"\" data-class=\"wpcf7cf_group\">\n\t<div class=\"flex-callback\">\n\t\t<div class=\"flex-item\">\n\t\t\t<p><label> <strong>Ihr Name<\/strong> <span class=\"wpcf7-form-control-wrap\" data-name=\"your-name\"><input size=\"40\" maxlength=\"400\" class=\"wpcf7-form-control wpcf7-text wpcf7-validates-as-required\" aria-required=\"true\" aria-invalid=\"false\" value=\"\" type=\"text\" name=\"your-name\" \/><\/span> <\/label>\n\t\t\t<\/p>\n\t\t<\/div>\n\t\t<div class=\"flex-item\">\n\t\t\t<p><label> <strong>Ihre Telefonnummer<\/strong> <span class=\"wpcf7-form-control-wrap\" data-name=\"your-tel\"><input size=\"40\" maxlength=\"400\" class=\"wpcf7-form-control wpcf7-text wpcf7-validates-as-required\" aria-required=\"true\" aria-invalid=\"false\" value=\"\" type=\"text\" name=\"your-tel\" \/><\/span> <\/label>\n\t\t\t<\/p>\n\t\t<\/div>\n\t\t<p><span id=\"wpcf7-69e79fc95d3fb-wrapper\" class=\"wpcf7-form-control-wrap hp-field-297-wrap\" style=\"display:none !important; visibility:hidden !important;\"><input type=\"hidden\" name=\"hp-field-297-time-start\" value=\"1776787401\"><input type=\"hidden\" name=\"hp-field-297-time-check\" value=\"4\"><label for=\"wpcf7-69e79fc95d3fb-field\" class=\"hp-message\">Bitte lasse dieses Feld leer.<\/label><input id=\"wpcf7-69e79fc95d3fb-field\"  class=\"wpcf7-form-control wpcf7-text\" type=\"text\" name=\"hp-field-297\" value=\"\" size=\"40\" tabindex=\"-1\" autocomplete=\"off\" \/><\/span>\n\t\t<\/p>\n\t\t<div class=\"flex-item\">\n\t\t\t<p><input class=\"wpcf7-form-control wpcf7-submit has-spinner\" type=\"submit\" value=\"R\u00fcckruf anfordern\" \/>\n\t\t\t<\/p>\n\t\t<\/div>\n\t<\/div>\n\t<div>\n\t\t<p><span class=\"wpcf7-form-control-wrap\" data-name=\"acceptance-731\"><span class=\"wpcf7-form-control wpcf7-acceptance\"><span class=\"wpcf7-list-item\"><label><input type=\"checkbox\" name=\"acceptance-731\" value=\"1\" aria-invalid=\"false\" \/><span class=\"wpcf7-list-item-label\">Ich stimme den <a href=\"\/datenschutz\/\" target=\"_blank\" style=\"color: #fff; text-decoration: underline;\">Datenschutzbedingungen<\/a> zu<\/span><\/label><\/span><\/span><\/span>\n\t\t<\/p>\n\t<\/div>\n<\/div><div class=\"wpcf7-response-output\" aria-hidden=\"true\"><\/div>\n<\/form>\n<\/div>\n<\/div>\n\n\n\n<div style=\"height:10px\" aria-hidden=\"true\" class=\"wp-block-spacer\"><\/div>\n<\/div><\/div>\n\n\n\n<div style=\"height:100px\" aria-hidden=\"true\" class=\"wp-block-spacer\"><\/div>\n\n\n\n<div class=\"wp-block-group atbcard-highlight blue\"><div class=\"wp-block-group__inner-container is-layout-constrained wp-block-group-is-layout-constrained\">\n<div class=\"wp-block-columns is-layout-flex wp-container-core-columns-is-layout-9d6595d7 wp-block-columns-is-layout-flex\">\n<div class=\"wp-block-column is-vertically-aligned-center is-layout-flow wp-block-column-is-layout-flow\" style=\"flex-basis:25%\">\n<figure class=\"wp-block-image size-full\"><a href=\"\/wp-content\/uploads\/2025\/04\/atbas_flyer_4wheels.pdf\" target=\"_blank\" rel=\"  noreferrer noopener\"><img decoding=\"async\" width=\"768\" height=\"768\" src=\"\/wp-content\/uploads\/2025\/04\/preview_flyer_4wheels.png\" alt=\"\" class=\"wp-image-100010095\" srcset=\"\/wp-content\/uploads\/2025\/04\/preview_flyer_4wheels.png 768w, \/wp-content\/uploads\/2025\/04\/preview_flyer_4wheels-300x300.png 300w, \/wp-content\/uploads\/2025\/04\/preview_flyer_4wheels-150x150.png 150w\" sizes=\"(max-width: 768px) 100vw, 768px\" \/><\/a><\/figure>\n<\/div>\n\n\n\n<div class=\"wp-block-column is-vertically-aligned-center is-layout-flow wp-block-column-is-layout-flow\" style=\"flex-basis:75%\">\n<h2 class=\"wp-block-heading\">All information in the flyer<\/h2>\n\n\n\n<p>Read all about ATBAS DEPOT + 4Wheels in the PDF flyer for downloading &amp; printing.<\/p>\n\n\n\n<div class=\"wp-block-buttons is-content-justification-left is-layout-flex wp-container-core-buttons-is-layout-cf25e3cc wp-block-buttons-is-layout-flex\">\n<div class=\"wp-block-button\"><a class=\"wp-block-button__link has-text-align-center wp-element-button\" href=\"\/wp-content\/uploads\/2025\/04\/atbas_flyer_4wheels.pdf\" style=\"border-radius:6px\" target=\"_blank\" rel=\"noreferrer noopener\"><strong>Download &amp; view flyer<\/strong><\/a><\/div>\n<\/div>\n<\/div>\n<\/div>\n<\/div><\/div>\n","protected":false},"excerpt":{"rendered":"<p>ATBAS DEPOT + 4Wheels The interface combines the advantages of the highly efficient ATBAS DEPOT wheel management system with the professional services of 4WHEELS. The interface turns ATBAS DEPOT into a fully-fledged, convenient and easy-to-use front end for 4WHEELS and can replace IRIS 100% &#8211; for stress-free and efficient 4WHEELS storage! Save time Save time &#8230; <a title=\"ATBAS DEPOT + 4Wheels\" class=\"read-more\" href=\"https:\/\/atbas.de\/en\/atbas-depot-4wheels\/\" aria-label=\"Read more about ATBAS DEPOT + 4Wheels\">Read more<\/a><\/p>\n","protected":false},"author":2,"featured_media":0,"parent":0,"menu_order":0,"comment_status":"closed","ping_status":"closed","template":"","meta":{"footnotes":""},"class_list":["post-100013327","page","type-page","status-publish"],"_links":{"self":[{"href":"https:\/\/atbas.de\/en\/wp-json\/wp\/v2\/pages\/100013327","targetHints":{"allow":["GET"]}}],"collection":[{"href":"https:\/\/atbas.de\/en\/wp-json\/wp\/v2\/pages"}],"about":[{"href":"https:\/\/atbas.de\/en\/wp-json\/wp\/v2\/types\/page"}],"author":[{"embeddable":true,"href":"https:\/\/atbas.de\/en\/wp-json\/wp\/v2\/users\/2"}],"replies":[{"embeddable":true,"href":"https:\/\/atbas.de\/en\/wp-json\/wp\/v2\/comments?post=100013327"}],"version-history":[{"count":2,"href":"https:\/\/atbas.de\/en\/wp-json\/wp\/v2\/pages\/100013327\/revisions"}],"predecessor-version":[{"id":100017207,"href":"https:\/\/atbas.de\/en\/wp-json\/wp\/v2\/pages\/100013327\/revisions\/100017207"}],"wp:attachment":[{"href":"https:\/\/atbas.de\/en\/wp-json\/wp\/v2\/media?parent=100013327"}],"curies":[{"name":"wp","href":"https:\/\/api.w.org\/{rel}","templated":true}]}}