{"id":100013350,"date":"2025-04-10T15:20:37","date_gmt":"2025-04-10T14:20:37","guid":{"rendered":"https:\/\/www.atbas.de\/atbas-depot-tkp-apas\/"},"modified":"2026-02-16T13:29:14","modified_gmt":"2026-02-16T12:29:14","slug":"atbas-depot-tkp-apas","status":"publish","type":"page","link":"https:\/\/atbas.de\/en\/atbas-depot-tkp-apas\/","title":{"rendered":"ATBAS DEPOT + TKP-APAS"},"content":{"rendered":"\n<div class=\"wp-block-group alignwide atbcard has-background\" style=\"background:linear-gradient(135deg,rgb(236,243,243) 0%,rgb(199,212,230) 100%)\"><div class=\"wp-block-group__inner-container is-layout-constrained wp-block-group-is-layout-constrained\"><div class=\"wp-block-image\">\n<figure class=\"aligncenter size-full is-resized\"><img decoding=\"async\" width=\"1402\" height=\"400\" src=\"\/wp-content\/uploads\/2025\/04\/atbas_depot_nrg.png\" alt=\"\" class=\"wp-image-100009520\" style=\"width:512px\" srcset=\"\/wp-content\/uploads\/2025\/04\/atbas_depot_nrg.png 1402w, \/wp-content\/uploads\/2025\/04\/atbas_depot_nrg-300x86.png 300w, \/wp-content\/uploads\/2025\/04\/atbas_depot_nrg-1024x292.png 1024w, \/wp-content\/uploads\/2025\/04\/atbas_depot_nrg-768x219.png 768w\" sizes=\"(max-width: 1402px) 100vw, 1402px\" \/><\/figure>\n<\/div>\n\n\n<div style=\"height:44px\" aria-hidden=\"true\" class=\"wp-block-spacer\"><\/div>\n\n\n\n<h1 class=\"wp-block-heading has-text-align-center\"><strong>ATBAS interface to TKP \/ APAS:<br>tyredata 2.0 + wheel interface 2.0<\/strong><\/h1>\n<\/div><\/div>\n\n\n\n<div style=\"height:100px\" aria-hidden=\"true\" class=\"wp-block-spacer\"><\/div>\n\n\n\n<p>Discover the new dimension of data integration with TKP\/APAS tyredata 2.0 and the wheel interface 2.0! Especially for car dealerships and workshops that work with TKP\/APAS scheduling and ATBAS DEPOT, this solution offers seamless integration of both systems and massive time savings in day-to-day business. <\/p>\n\n\n\n<div style=\"height:100px\" aria-hidden=\"true\" class=\"wp-block-spacer\"><\/div>\n\n\n\n<div class=\"wp-block-columns atbcard is-layout-flex wp-container-core-columns-is-layout-9d6595d7 wp-block-columns-is-layout-flex\">\n<div class=\"wp-block-column is-layout-flow wp-block-column-is-layout-flow\">\n<p>Experience the powerful API of TKP\/APAS tyredata2.0 and the wheel interface 2.0, developed by ATBAS GmbH &amp; Co. KG and soft-nrg Development GmbH! Benefit from a mapping of your customer and vehicle data. <\/p>\n\n\n\n<p><strong>Benefit from massive time savings, as wheel sets can now be called up and ordered directly via the interface in ATBAS DEPOT.<\/strong><\/p>\n<\/div>\n\n\n\n<div class=\"wp-block-column is-layout-flow wp-block-column-is-layout-flow\">\n<figure class=\"wp-block-image size-large\"><img decoding=\"async\" width=\"1024\" height=\"528\" src=\"\/wp-content\/uploads\/2025\/04\/Grafik-Schnittstelle4-1024x528.jpg\" alt=\"\" class=\"wp-image-100009514\" srcset=\"\/wp-content\/uploads\/2025\/04\/Grafik-Schnittstelle4-1024x528.jpg 1024w, \/wp-content\/uploads\/2025\/04\/Grafik-Schnittstelle4-300x155.jpg 300w, \/wp-content\/uploads\/2025\/04\/Grafik-Schnittstelle4-768x396.jpg 768w, \/wp-content\/uploads\/2025\/04\/Grafik-Schnittstelle4.jpg 1144w\" sizes=\"(max-width: 1024px) 100vw, 1024px\" \/><\/figure>\n<\/div>\n<\/div>\n\n\n\n<div style=\"height:100px\" aria-hidden=\"true\" class=\"wp-block-spacer\"><\/div>\n\n\n\n<div class=\"wp-block-group atbcard c2a rainbow wide\"><div class=\"wp-block-group__inner-container is-layout-constrained wp-block-group-is-layout-constrained\">\n<h2 class=\"wp-block-heading has-base-3-color has-text-color has-link-color has-x-large-font-size wp-elements-880830a730e0f98fbd1e386064b23e61\"><img decoding=\"async\" width=\"36\" height=\"37\" class=\"wp-image-100008868\" style=\"width: 36px;\" src=\"\/wp-content\/uploads\/2025\/03\/icon_tel.png\" alt=\"\" srcset=\"\/wp-content\/uploads\/2025\/03\/icon_tel.png 432w, \/wp-content\/uploads\/2025\/03\/icon_tel-289x300.png 289w, \/wp-content\/uploads\/2025\/03\/icon_tel-150x150.png 150w\" sizes=\"(max-width: 36px) 100vw, 36px\" \/>   Haben wir Ihr Interesse geweckt?<\/h2>\n\n\n\n<p><strong>Konnten wir Sie schon \u00fcberzeugen oder haben Sie noch Fragen? Vereinbaren Sie einfach ein Beratungsgespr\u00e4ch oder R\u00fcckruf &#8211; kostenfrei nat\u00fcrlich.<\/strong><\/p>\n\n\n\n<div class=\"wp-block-contact-form-7-contact-form-selector\">\n<div class=\"wpcf7 no-js\" id=\"wpcf7-f100008847-o1\" lang=\"de-DE\" dir=\"ltr\" data-wpcf7-id=\"100008847\">\n<div class=\"screen-reader-response\"><p role=\"status\" aria-live=\"polite\" aria-atomic=\"true\"><\/p> <ul><\/ul><\/div>\n<form action=\"\/en\/wp-json\/wp\/v2\/pages\/100013350#wpcf7-f100008847-o1\" method=\"post\" class=\"wpcf7-form init wpcf7-acceptance-as-validation\" aria-label=\"Kontaktformular\" novalidate=\"novalidate\" data-status=\"init\">\n<fieldset class=\"hidden-fields-container\"><input type=\"hidden\" name=\"_wpcf7\" value=\"100008847\" \/><input type=\"hidden\" name=\"_wpcf7_version\" value=\"6.1.5\" \/><input type=\"hidden\" name=\"_wpcf7_locale\" value=\"de_DE\" \/><input type=\"hidden\" name=\"_wpcf7_unit_tag\" value=\"wpcf7-f100008847-o1\" \/><input type=\"hidden\" name=\"_wpcf7_container_post\" value=\"0\" \/><input type=\"hidden\" name=\"_wpcf7_posted_data_hash\" value=\"\" \/><input type=\"hidden\" name=\"_wpcf7cf_hidden_group_fields\" value=\"[]\" \/><input type=\"hidden\" name=\"_wpcf7cf_hidden_groups\" value=\"[]\" \/><input type=\"hidden\" name=\"_wpcf7cf_visible_groups\" value=\"[]\" \/><input type=\"hidden\" name=\"_wpcf7cf_repeaters\" value=\"[]\" \/><input type=\"hidden\" name=\"_wpcf7cf_steps\" value=\"{}\" \/><input type=\"hidden\" name=\"_wpcf7cf_options\" value=\"{&quot;form_id&quot;:100008847,&quot;conditions&quot;:[{&quot;then_field&quot;:&quot;group-tel&quot;,&quot;and_rules&quot;:[{&quot;if_field&quot;:&quot;toggle-1&quot;,&quot;operator&quot;:&quot;equals&quot;,&quot;if_value&quot;:&quot;R\\u00fcckruf anzeigen&quot;}]},{&quot;then_field&quot;:&quot;group-mast&quot;,&quot;and_rules&quot;:[{&quot;if_field&quot;:&quot;toggle-1&quot;,&quot;operator&quot;:&quot;equals&quot;,&quot;if_value&quot;:&quot;R\\u00fcckruf erhalten&quot;}]}],&quot;settings&quot;:{&quot;animation&quot;:&quot;yes&quot;,&quot;animation_intime&quot;:&quot;200&quot;,&quot;animation_outtime&quot;:&quot;200&quot;,&quot;conditions_ui&quot;:&quot;normal&quot;,&quot;notice_dismissed&quot;:&quot;true&quot;,&quot;regex_numeric&quot;:&quot;^[0-9]+$&quot;,&quot;regex_alphabetic&quot;:&quot;^[a-zA-Z]+$&quot;,&quot;regex_alphanumeric&quot;:&quot;^[a-zA-Z0-9]+$&quot;,&quot;regex_date&quot;:&quot;^(0?[1-9]|1[012])[- .](0?[1-9]|[12][0-9]|3[01])[- \\\/.](19|20)?[0-9]{2}$&quot;,&quot;regex_email&quot;:&quot;^[a-zA-Z0-9._%-]+@[a-zA-Z0-9.-]+.[a-zA-Z]{2,4}$&quot;,&quot;regex_numeric_label&quot;:&quot;numeric&quot;,&quot;regex_alphabetic_label&quot;:&quot;alphabetic&quot;,&quot;regex_alphanumeric_label&quot;:&quot;alphanumeric&quot;,&quot;regex_date_label&quot;:&quot;date&quot;,&quot;regex_email_label&quot;:&quot;email&quot;,&quot;regex_custom_1&quot;:&quot;&quot;,&quot;regex_custom_2&quot;:&quot;&quot;,&quot;regex_custom_3&quot;:&quot;&quot;,&quot;regex_custom_4&quot;:&quot;&quot;,&quot;regex_custom_5&quot;:&quot;&quot;,&quot;regex_custom_1_label&quot;:&quot;custom 1&quot;,&quot;regex_custom_2_label&quot;:&quot;custom 2&quot;,&quot;regex_custom_3_label&quot;:&quot;custom 3&quot;,&quot;regex_custom_4_label&quot;:&quot;custom 4&quot;,&quot;regex_custom_5_label&quot;:&quot;custom 5&quot;,&quot;notice_dismissed_rollback-cf7-6.1.1&quot;:true,&quot;notice_dismissed_rollback-cf7-6.1.3&quot;:true,&quot;notice_dismissed_rollback-cf7-6.1.4&quot;:true}}\" \/>\n<\/fieldset>\n<div data-id=\"group-mast\" data-orig_data_id=\"group-mast\" data-disable_on_hide class=\"\" data-class=\"wpcf7cf_group\">\n\t<p><a class=\"callback_button\" href=\"\/beratung\/?mtm_campaign=lead_contact&mtm_source=website&mtm_content=bottom_primary_consulting\"><strong>Beratungstermin vereinbaren<\/strong><\/a>&nbsp;&nbsp;&nbsp;oder&nbsp;&nbsp;&nbsp;<button class=\"wpcf7-form-control wpcf7-togglebutton wpcf7cf-togglebutton\" type=\"button\" name=\"toggle-1\" data-val-1=\"R\u00fcckruf erhalten\" data-val-2=\"R\u00fcckruf anzeigen\" value=\"R\u00fcckruf erhalten\">R\u00fcckruf erhalten<\/button>\n\t<\/p>\n<\/div>\n<div data-id=\"group-tel\" data-orig_data_id=\"group-tel\" data-clear_on_hide data-disable_on_hide class=\"\" data-class=\"wpcf7cf_group\">\n\t<div class=\"flex-callback\">\n\t\t<div class=\"flex-item\">\n\t\t\t<p><label> <strong>Ihr Name<\/strong> <span class=\"wpcf7-form-control-wrap\" data-name=\"your-name\"><input size=\"40\" maxlength=\"400\" class=\"wpcf7-form-control wpcf7-text wpcf7-validates-as-required\" aria-required=\"true\" aria-invalid=\"false\" value=\"\" type=\"text\" name=\"your-name\" \/><\/span> <\/label>\n\t\t\t<\/p>\n\t\t<\/div>\n\t\t<div class=\"flex-item\">\n\t\t\t<p><label> <strong>Ihre Telefonnummer<\/strong> <span class=\"wpcf7-form-control-wrap\" data-name=\"your-tel\"><input size=\"40\" maxlength=\"400\" class=\"wpcf7-form-control wpcf7-text wpcf7-validates-as-required\" aria-required=\"true\" aria-invalid=\"false\" value=\"\" type=\"text\" name=\"your-tel\" \/><\/span> <\/label>\n\t\t\t<\/p>\n\t\t<\/div>\n\t\t<p><span id=\"wpcf7-69d8de4a7a158-wrapper\" class=\"wpcf7-form-control-wrap hp-field-297-wrap\" style=\"display:none !important; visibility:hidden !important;\"><input type=\"hidden\" name=\"hp-field-297-time-start\" value=\"1775820362\"><input type=\"hidden\" name=\"hp-field-297-time-check\" value=\"4\"><label for=\"wpcf7-69d8de4a7a158-field\" class=\"hp-message\">Bitte lasse dieses Feld leer.<\/label><input id=\"wpcf7-69d8de4a7a158-field\"  class=\"wpcf7-form-control wpcf7-text\" type=\"text\" name=\"hp-field-297\" value=\"\" size=\"40\" tabindex=\"-1\" autocomplete=\"off\" \/><\/span>\n\t\t<\/p>\n\t\t<div class=\"flex-item\">\n\t\t\t<p><input class=\"wpcf7-form-control wpcf7-submit has-spinner\" type=\"submit\" value=\"R\u00fcckruf anfordern\" \/>\n\t\t\t<\/p>\n\t\t<\/div>\n\t<\/div>\n\t<div>\n\t\t<p><span class=\"wpcf7-form-control-wrap\" data-name=\"acceptance-731\"><span class=\"wpcf7-form-control wpcf7-acceptance\"><span class=\"wpcf7-list-item\"><label><input type=\"checkbox\" name=\"acceptance-731\" value=\"1\" aria-invalid=\"false\" \/><span class=\"wpcf7-list-item-label\">Ich stimme den <a href=\"\/datenschutz\/\" target=\"_blank\" style=\"color: #fff; text-decoration: underline;\">Datenschutzbedingungen<\/a> zu<\/span><\/label><\/span><\/span><\/span>\n\t\t<\/p>\n\t<\/div>\n<\/div><div class=\"wpcf7-response-output\" aria-hidden=\"true\"><\/div>\n<\/form>\n<\/div>\n<\/div>\n\n\n\n<div style=\"height:10px\" aria-hidden=\"true\" class=\"wp-block-spacer\"><\/div>\n<\/div><\/div>\n\n\n\n<a href=\"\/kontakt\/\" class=\"float-button\" title=\"Zum Kontaktformular\">\n<\/a>\n","protected":false},"excerpt":{"rendered":"<p>ATBAS interface to TKP \/ APAS:tyredata 2.0 + wheel interface 2.0 Discover the new dimension of data integration with TKP\/APAS tyredata 2.0 and the wheel interface 2.0! Especially for car dealerships and workshops that work with TKP\/APAS scheduling and ATBAS DEPOT, this solution offers seamless integration of both systems and massive time savings in day-to-day &#8230; <a title=\"ATBAS DEPOT + TKP-APAS\" class=\"read-more\" href=\"https:\/\/atbas.de\/en\/atbas-depot-tkp-apas\/\" aria-label=\"Read more about ATBAS DEPOT + TKP-APAS\">Read more<\/a><\/p>\n","protected":false},"author":2,"featured_media":0,"parent":0,"menu_order":0,"comment_status":"closed","ping_status":"closed","template":"","meta":{"footnotes":""},"class_list":["post-100013350","page","type-page","status-publish"],"_links":{"self":[{"href":"https:\/\/atbas.de\/en\/wp-json\/wp\/v2\/pages\/100013350","targetHints":{"allow":["GET"]}}],"collection":[{"href":"https:\/\/atbas.de\/en\/wp-json\/wp\/v2\/pages"}],"about":[{"href":"https:\/\/atbas.de\/en\/wp-json\/wp\/v2\/types\/page"}],"author":[{"embeddable":true,"href":"https:\/\/atbas.de\/en\/wp-json\/wp\/v2\/users\/2"}],"replies":[{"embeddable":true,"href":"https:\/\/atbas.de\/en\/wp-json\/wp\/v2\/comments?post=100013350"}],"version-history":[{"count":2,"href":"https:\/\/atbas.de\/en\/wp-json\/wp\/v2\/pages\/100013350\/revisions"}],"predecessor-version":[{"id":100017212,"href":"https:\/\/atbas.de\/en\/wp-json\/wp\/v2\/pages\/100013350\/revisions\/100017212"}],"wp:attachment":[{"href":"https:\/\/atbas.de\/en\/wp-json\/wp\/v2\/media?parent=100013350"}],"curies":[{"name":"wp","href":"https:\/\/api.w.org\/{rel}","templated":true}]}}