{"id":100013358,"date":"2025-04-09T11:23:22","date_gmt":"2025-04-09T10:23:22","guid":{"rendered":"https:\/\/www.atbas.de\/mobile-solutions-from-atbas\/"},"modified":"2026-02-16T08:56:26","modified_gmt":"2026-02-16T07:56:26","slug":"mobile-solutions-from-atbas","status":"publish","type":"page","link":"https:\/\/atbas.de\/en\/mobile-solutions-from-atbas\/","title":{"rendered":"Mobile solutions from ATBAS"},"content":{"rendered":"\n<div class=\"wp-block-group alignfull hero_bg_ksc_b\"><div class=\"wp-block-group__inner-container is-layout-constrained wp-block-group-is-layout-constrained\">\n<div class=\"wp-block-columns is-layout-flex wp-container-core-columns-is-layout-9d6595d7 wp-block-columns-is-layout-flex\">\n<div class=\"wp-block-column is-layout-flow wp-block-column-is-layout-flow\">\n<div class=\"wp-block-cb-carousel alignwide cb-single-slide\" data-slick=\"{\"slidesToShow\":1,\"slidesToScroll\":1,\"speed\":400,\"arrows\":false,\"dots\":true,\"autoplay\":true,\"autoplaySpeed\":3000,\"infinite\":true,\"responsive\":[{\"breakpoint\":769,\"settings\":{\"slidesToShow\":1,\"slidesToScroll\":1}}]}\">\n<div class=\"wp-block-cb-slide\">\n<figure class=\"wp-block-image size-full\"><img decoding=\"async\" width=\"2000\" height=\"800\" src=\"\/wp-content\/uploads\/2025\/04\/DSC_6458_w.jpg\" alt=\"\" class=\"wp-image-100009248\" srcset=\"\/wp-content\/uploads\/2025\/04\/DSC_6458_w.jpg 2000w, \/wp-content\/uploads\/2025\/04\/DSC_6458_w-300x120.jpg 300w, \/wp-content\/uploads\/2025\/04\/DSC_6458_w-1024x410.jpg 1024w, \/wp-content\/uploads\/2025\/04\/DSC_6458_w-768x307.jpg 768w, \/wp-content\/uploads\/2025\/04\/DSC_6458_w-1536x614.jpg 1536w\" sizes=\"(max-width: 2000px) 100vw, 2000px\" \/><\/figure>\n<\/div>\n\n\n\n<div class=\"wp-block-cb-slide\">\n<figure class=\"wp-block-image size-full\"><img decoding=\"async\" width=\"2000\" height=\"800\" src=\"\/wp-content\/uploads\/2025\/04\/DSC_6571_w.jpg\" alt=\"\" class=\"wp-image-100009249\" srcset=\"\/wp-content\/uploads\/2025\/04\/DSC_6571_w.jpg 2000w, \/wp-content\/uploads\/2025\/04\/DSC_6571_w-300x120.jpg 300w, \/wp-content\/uploads\/2025\/04\/DSC_6571_w-1024x410.jpg 1024w, \/wp-content\/uploads\/2025\/04\/DSC_6571_w-768x307.jpg 768w, \/wp-content\/uploads\/2025\/04\/DSC_6571_w-1536x614.jpg 1536w\" sizes=\"(max-width: 2000px) 100vw, 2000px\" \/><\/figure>\n<\/div>\n\n\n\n<div class=\"wp-block-cb-slide\">\n<figure class=\"wp-block-image size-full\"><img decoding=\"async\" width=\"2000\" height=\"800\" src=\"\/wp-content\/uploads\/2025\/04\/DSC_6485_w.jpg\" alt=\"\" class=\"wp-image-100009247\" srcset=\"\/wp-content\/uploads\/2025\/04\/DSC_6485_w.jpg 2000w, \/wp-content\/uploads\/2025\/04\/DSC_6485_w-300x120.jpg 300w, \/wp-content\/uploads\/2025\/04\/DSC_6485_w-1024x410.jpg 1024w, \/wp-content\/uploads\/2025\/04\/DSC_6485_w-768x307.jpg 768w, \/wp-content\/uploads\/2025\/04\/DSC_6485_w-1536x614.jpg 1536w\" sizes=\"(max-width: 2000px) 100vw, 2000px\" \/><\/figure>\n<\/div>\n<\/div>\n<\/div>\n\n\n\n<div class=\"wp-block-column is-layout-flow wp-block-column-is-layout-flow\" style=\"flex-basis:8px\"><\/div>\n\n\n\n<div class=\"wp-block-column is-layout-flow wp-block-column-is-layout-flow\">\n<h2 class=\"wp-block-heading\" style=\"font-size:28px\"><strong>ALL PROCESSES IN YOUR HANDS<\/strong><\/h2>\n\n\n\n<p>With ATBAS mobile solutions for wheel data collection and goods receipt, you have all processes under control on the move: Benefit from flexible working at any location with a robust and modern hardware solution and ATBAS software.<\/p>\n\n\n\n<div class=\"wp-block-buttons is-layout-flex wp-block-buttons-is-layout-flex\">\n<div class=\"wp-block-button\"><a class=\"wp-block-button__link has-text-color has-background has-link-color wp-element-button\" href=\"https:\/\/atbas.de\/en\/the-atbas-company-introduces-itself\/\" style=\"border-radius:6px;color:#ffffff;background-color:#00859b\"><strong>Learn more<\/strong><\/a><\/div>\n<\/div>\n<\/div>\n<\/div>\n<\/div><\/div>\n\n\n\n<div style=\"height:100px\" aria-hidden=\"true\" class=\"wp-block-spacer\"><\/div>\n\n\n\n<div class=\"wp-block-group alignwide atbcard_frame hero_petrol_grad\"><div class=\"wp-block-group__inner-container is-layout-constrained wp-block-group-is-layout-constrained\">\n<div class=\"wp-block-columns is-layout-flex wp-container-core-columns-is-layout-9d6595d7 wp-block-columns-is-layout-flex\">\n<div class=\"wp-block-column is-vertically-aligned-stretch is-layout-flow wp-block-column-is-layout-flow\">\n<figure class=\"wp-block-image size-full is-resized\"><img decoding=\"async\" width=\"547\" height=\"1000\" src=\"\/wp-content\/uploads\/2025\/04\/mob_mde.png\" alt=\"\" class=\"wp-image-100009219\" style=\"width:auto;height:512px\" srcset=\"\/wp-content\/uploads\/2025\/04\/mob_mde.png 547w, \/wp-content\/uploads\/2025\/04\/mob_mde-164x300.png 164w\" sizes=\"(max-width: 547px) 100vw, 547px\" \/><\/figure>\n<\/div>\n\n\n\n<div class=\"wp-block-column is-vertically-aligned-center is-layout-flow wp-block-column-is-layout-flow\" style=\"flex-basis:65%\">\n<h2 class=\"wp-block-heading has-base-3-color has-text-color has-link-color wp-elements-94164a3f2d5864a158c30d867418bea3\"><strong>Mobile data acquisition with ATBAS MDE<\/strong><\/h2>\n\n\n\n<p><strong>\u2713<\/strong> <strong><strong>One device for all processes<\/strong><\/strong><br><strong>\u2713<\/strong> <strong><strong>Mobile working<\/strong><\/strong><br><strong>\u2713<\/strong> <strong><strong>Photo documentation for complaints<\/strong><\/strong><br><strong>\u2713<\/strong> <strong><strong>Voice output<\/strong><\/strong><br><strong>\u2713<\/strong> <strong><strong>Flexible commission type<\/strong><\/strong><\/p>\n\n\n\n<p>As an ATBAS NET customer, you can carry out <strong>your goods receipt with just one device <\/strong>. You literally have all your processes in the palm of your hand or in your pocket. <\/p>\n\n\n\n<div class=\"wp-block-buttons is-layout-flex wp-block-buttons-is-layout-flex\">\n<div class=\"wp-block-button\"><a class=\"wp-block-button__link has-base-3-background-color has-text-color has-background has-link-color wp-element-button\" href=\"https:\/\/atbas.de\/en\/atbas-mde-mobile-data-acquisition\/\" style=\"border-radius:6px;color:#00859b\"><strong>Learn more &#8220;<\/strong><\/a><\/div>\n<\/div>\n<\/div>\n<\/div>\n<\/div><\/div>\n\n\n\n<div style=\"height:100px\" aria-hidden=\"true\" class=\"wp-block-spacer\"><\/div>\n\n\n\n<div class=\"wp-block-group atbcard_frame fullts_scanner_1\"><div class=\"wp-block-group__inner-container is-layout-constrained wp-block-group-is-layout-constrained\">\n<div class=\"wp-block-columns is-layout-flex wp-container-core-columns-is-layout-9d6595d7 wp-block-columns-is-layout-flex\">\n<div class=\"wp-block-column is-vertically-aligned-center is-layout-flow wp-block-column-is-layout-flow\" style=\"flex-basis:50%\">\n<h2 class=\"wp-block-heading has-base-3-color has-text-color has-link-color wp-elements-f7a7af05b3d2fe03d3bed1b6848316f7\"><strong>Alles schnell dokumentiert<\/strong><\/h2>\n\n\n\n<p>Erfassen und dokumentieren Sie schnell und bequem per Foto Sch\u00e4den und Auff\u00e4lligkeiten. Auf diese Weise arbeiten Sie transparent und vermeiden nachtr\u00e4gliche Schadenersatzanspr\u00fcche.<\/p>\n\n\n\n<div class=\"wp-block-buttons is-layout-flex wp-block-buttons-is-layout-flex\">\n<div class=\"wp-block-button is-style-fill\"><a class=\"wp-block-button__link has-base-3-background-color has-text-color has-background has-link-color wp-element-button\" href=\"\/beratung\/\" style=\"border-radius:6px;color:#003841\"><strong>Jetzt Angebot sichern<\/strong><\/a><\/div>\n<\/div>\n<\/div>\n\n\n\n<div class=\"wp-block-column is-vertically-aligned-stretch is-layout-flow wp-block-column-is-layout-flow\">\n<figure class=\"wp-block-image size-full is-resized\"><img decoding=\"async\" width=\"800\" height=\"800\" src=\"\/wp-content\/uploads\/2024\/10\/img-plchldr_transp.png\" alt=\"\" class=\"wp-image-262\" style=\"width:336px;height:auto\" srcset=\"\/wp-content\/uploads\/2024\/10\/img-plchldr_transp.png 800w, \/wp-content\/uploads\/2024\/10\/img-plchldr_transp-300x300.png 300w, \/wp-content\/uploads\/2024\/10\/img-plchldr_transp-150x150.png 150w, \/wp-content\/uploads\/2024\/10\/img-plchldr_transp-768x768.png 768w\" sizes=\"(max-width: 800px) 100vw, 800px\" \/><\/figure>\n<\/div>\n<\/div>\n<\/div><\/div>\n\n\n\n<div style=\"height:100px\" aria-hidden=\"true\" class=\"wp-block-spacer\"><\/div>\n\n\n\n<div class=\"wp-block-group alignwide atbcard_frame hero_petrol_grad\"><div class=\"wp-block-group__inner-container is-layout-constrained wp-block-group-is-layout-constrained\">\n<div class=\"wp-block-columns is-layout-flex wp-container-core-columns-is-layout-9d6595d7 wp-block-columns-is-layout-flex\">\n<div class=\"wp-block-column is-vertically-aligned-stretch is-layout-flow wp-block-column-is-layout-flow\">\n<figure class=\"wp-block-image size-full is-resized\"><img decoding=\"async\" width=\"547\" height=\"1000\" src=\"\/wp-content\/uploads\/2025\/04\/mob_mwe.png\" alt=\"\" class=\"wp-image-100009218\" style=\"width:auto;height:512px\" srcset=\"\/wp-content\/uploads\/2025\/04\/mob_mwe.png 547w, \/wp-content\/uploads\/2025\/04\/mob_mwe-164x300.png 164w\" sizes=\"(max-width: 547px) 100vw, 547px\" \/><\/figure>\n<\/div>\n\n\n\n<div class=\"wp-block-column is-vertically-aligned-center is-layout-flow wp-block-column-is-layout-flow\" style=\"flex-basis:65%\">\n<h2 class=\"wp-block-heading has-base-3-color has-text-color has-link-color wp-elements-a6fd07783d57c779a87266e53960e21f\"><strong>Mobile goods receipt with ATBAS MWE<\/strong><\/h2>\n\n\n\n<p><strong>\u2713<\/strong> <strong>Mobile working wherever you need it<\/strong><br><strong>\u2713<\/strong> <strong>Mobile data acquisition directly on the vehicle<\/strong><\/p>\n\n\n\n<p><strong>ATBAS DEPOT MDE enables you to collect mobile data directly on the vehicle without a PC or permanent WLAN &#8211; all in one device and one software.<\/strong><\/p>\n\n\n\n<p>With the next existing network connection, your data is automatically synchronized and transferred to the PC. All recorded data can be viewed immediately from any workstation in your company. <\/p>\n\n\n\n<div class=\"wp-block-buttons is-layout-flex wp-block-buttons-is-layout-flex\">\n<div class=\"wp-block-button\"><a class=\"wp-block-button__link has-base-3-background-color has-text-color has-background has-link-color wp-element-button\" href=\"https:\/\/atbas.de\/en\/atbas-mwe-your-mobile-incoming-goods-department\/\" style=\"border-radius:6px;color:#00859b\"><strong>Learn more &#8220;<\/strong><\/a><\/div>\n<\/div>\n<\/div>\n<\/div>\n<\/div><\/div>\n\n\n\n<div style=\"height:100px\" aria-hidden=\"true\" class=\"wp-block-spacer\"><\/div>\n\n\n\n<div class=\"wp-block-group atbcard_frame fullts_scanner_2\"><div class=\"wp-block-group__inner-container is-layout-constrained wp-block-group-is-layout-constrained\">\n<div class=\"wp-block-columns is-layout-flex wp-container-core-columns-is-layout-9d6595d7 wp-block-columns-is-layout-flex\">\n<div class=\"wp-block-column is-vertically-aligned-center is-layout-flow wp-block-column-is-layout-flow\" style=\"flex-basis:50%\">\n<h2 class=\"wp-block-heading has-base-3-color has-text-color has-link-color wp-elements-207e171ad609fb73159789ae33c87f4f\"><strong><strong>Ihr mobiles R\u00e4derlager in der Hosentasche<\/strong><\/strong><\/h2>\n\n\n\n<p>Mit dem mobilen Scanner von ATBAS haben Sie die R\u00e4derdatenerfassung, Kennzeichenerkennung, Fotodokumentation und Ihren Wareneingang komplett in der Hosentasche zum Mitnehmen &#8211; sogar ohne WLAN-Verbindung. Profitieren Sie von einem schnellen und intuitiven Arbeitsablauf &#8211; alles in Ihrer Hand.<\/p>\n\n\n\n<div class=\"wp-block-buttons is-layout-flex wp-block-buttons-is-layout-flex\">\n<div class=\"wp-block-button\"><a class=\"wp-block-button__link has-base-3-background-color has-text-color has-background has-link-color wp-element-button\" href=\"\/beratung\/\" style=\"border-radius:6px;color:#003841\"><strong>Jetzt Angebot sichern<\/strong><\/a><\/div>\n<\/div>\n<\/div>\n\n\n\n<div class=\"wp-block-column is-vertically-aligned-stretch is-layout-flow wp-block-column-is-layout-flow\"><\/div>\n<\/div>\n<\/div><\/div>\n\n\n\n<a href=\"\/kontakt\/\" class=\"float-button\" title=\"Zum Kontaktformular\">\n<\/a>\n","protected":false},"excerpt":{"rendered":"<p>ALL PROCESSES IN YOUR HANDS With ATBAS mobile solutions for wheel data collection and goods receipt, you have all processes under control on the move: Benefit from flexible working at any location with a robust and modern hardware solution and ATBAS software. Mobile data acquisition with ATBAS MDE \u2713 One device for all processes\u2713 Mobile &#8230; <a title=\"Mobile solutions from ATBAS\" class=\"read-more\" href=\"https:\/\/atbas.de\/en\/mobile-solutions-from-atbas\/\" aria-label=\"Read more about Mobile solutions from ATBAS\">Read more<\/a><\/p>\n","protected":false},"author":2,"featured_media":0,"parent":0,"menu_order":0,"comment_status":"closed","ping_status":"closed","template":"","meta":{"footnotes":""},"class_list":["post-100013358","page","type-page","status-publish"],"_links":{"self":[{"href":"https:\/\/atbas.de\/en\/wp-json\/wp\/v2\/pages\/100013358","targetHints":{"allow":["GET"]}}],"collection":[{"href":"https:\/\/atbas.de\/en\/wp-json\/wp\/v2\/pages"}],"about":[{"href":"https:\/\/atbas.de\/en\/wp-json\/wp\/v2\/types\/page"}],"author":[{"embeddable":true,"href":"https:\/\/atbas.de\/en\/wp-json\/wp\/v2\/users\/2"}],"replies":[{"embeddable":true,"href":"https:\/\/atbas.de\/en\/wp-json\/wp\/v2\/comments?post=100013358"}],"version-history":[{"count":6,"href":"https:\/\/atbas.de\/en\/wp-json\/wp\/v2\/pages\/100013358\/revisions"}],"predecessor-version":[{"id":100017203,"href":"https:\/\/atbas.de\/en\/wp-json\/wp\/v2\/pages\/100013358\/revisions\/100017203"}],"wp:attachment":[{"href":"https:\/\/atbas.de\/en\/wp-json\/wp\/v2\/media?parent=100013358"}],"curies":[{"name":"wp","href":"https:\/\/api.w.org\/{rel}","templated":true}]}}